{"id":41660,"date":"2024-09-26T12:13:21","date_gmt":"2024-09-26T10:13:21","guid":{"rendered":"https:\/\/www.teoresigroup.com\/career\/benefit-germany\/"},"modified":"2024-11-11T09:49:02","modified_gmt":"2024-11-11T08:49:02","slug":"benefit-germany","status":"publish","type":"page","link":"https:\/\/www.teoresigroup.com\/de\/career\/benefit-germany\/","title":{"rendered":"Teoresi Germany Wellbeing"},"content":{"rendered":"\n\t\n\t\n\t\t<div id=\"block_749b82f7e3a3b75f6a9d4006f4636e41\" class=\"hero-image\">\n\t\t\t<div class=\"image-hero-container row expanded isdark\">\n\n\t\t\t\t\t\t\t\t\t<div class=\"top absolute z-10 pin-t pin-l xsmall-pt-4 xsmall-pl-4 small-pt-6 small-pl-6 pt-12 pl-12\">\n\t\t\t\t\t\t<span class=\"toptitle color-white title-line orange\">page<\/span>\n\t\t\t\t\t<\/div>\n\t\t\t\t\n\t\t\t\t<!-- Icona centrale per small -->\n\t\t\t\t<div class=\"hero-icon middle hide-for-medium absolute z-10 pin-l xsmall-pl-4 small-pl-6 pl-12\">\n\t\t\t\t\t\n\t\t\t\t<\/div>\n\n\t\t\t\t<!-- Blocco Icona + Titolo per medium-up -->\n\t\t\t\t<div class=\"bottom show-for-medium z-10 absolute pin-b pin-l xsmall-pb-4 xsmall-pl-4 pb-12 pl-12\">\n\n\t\t\t\t\t\n\t\t\t\t\t\t\t\t\t\t\t<h1 class=\"hero-title title mb-0 dot-after\">Wo du arbeitest, z\u00e4hlt dein Wohlbefinden<\/h1>\n\t\t\t\t\t\t\t\t\t\t\t\t\t\t\t\t<h2 class=\"subtitle h4 mt-2 color-grey-lighter\">Teoresi Deutschland<\/h2>\n\t\t\t\t\t\n\t\t\t\t<\/div>\n\n\t\t\t\t\n\t\t\t\t\t\n\t\t\t\t\t<!-- Versione senza parallasse -->\n\t\t\t\t\t<div class=\"hero-bg bg-img b-lazy\" data-src = \"https:\/\/www.teoresigroup.com\/wp-content\/uploads\/2024\/09\/herobenefit.jpg\" ><\/div>\n\n\t\t\t\t\n\t\t\t\t<div class=\"hero-filter\"><\/div>\n\n\t\t\t<\/div>\n\t\t<\/div>\n\n\t\t<!-- Titolo fuori Hero per small -->\n\t\t<div class=\"row sezione hide-for-medium\">\n\n\t\t\t<div class=\"column\">\n\t\t\t\t\t\t\t\t\t<h1 class=\"hero-title title mb-0 dot-after\">Wo du arbeitest, z\u00e4hlt dein Wohlbefinden<\/h1>\n\t\t\t\t\t\t\t\t\t\t\t\t\t<h2 class=\"subtitle h4 mt-2\">Teoresi Deutschland<\/h2>\n\t\t\t\t\t\t\t<\/div>\n\n\t\t<\/div>\n\n\t\n\n\n\n    \n    <div id=\"block_7ad543f574a5d2d79ecc509f3bc8fb1b\" class=\"breadcrumbs row sezione\">\n        <div class=\"column small-12 fs-xsmall\">\n            <span><span><a href=\"https:\/\/www.teoresigroup.com\/de\/\"><span class=\"tg-homepage-icon\"><\/span><\/a><\/span><\/span>        <\/div>\n    <\/div>\n\n\n\n\n    \n    <div id=\"block_5b730a84a57d51e0db5b8ec61663c0ca\" class=\"featured-content row sezione align-center mt-16 mb-16 bg-featured-content\">\n        <div class=\"column small-12 medium-8\">\n\n            \n                            <div class=\"flex-video widescreen\"><iframe title=\"11 reasons to choose Teoresi Germany\" src=\"https:\/\/player.vimeo.com\/video\/1010139807?h=538a6cd2b6&amp;dnt=1&amp;app_id=122963\" width=\"500\" height=\"281\" frameborder=\"0\" allow=\"autoplay; fullscreen; picture-in-picture; clipboard-write\"><\/iframe><\/div>\n<p class=\"\">&nbsp;<\/p>\n<p class=\"\">Teoresi ist eine internationale Ingenieursgruppe mit einer starken Pr\u00e4senz in vier L\u00e4ndern und f\u00fcnf Standorten in Deutschland (M\u00fcnchen, Berlin, Stuttgart und Ingolstadt). Wir bieten ein umfassendes Leistungspaket, das auf dein Wohlbefinden ausgerichtet ist. Bei Teoresi Deutschland erwartet dich ein Umfeld, in dem deine berufliche Reise deine Lebensgeschichte bereichert. Werde Teil eines Arbeitsplatzes, der dein Wachstum und deine pers\u00f6nliche Balance f\u00f6rdert, sodass du dich t\u00e4glich gesch\u00e4tzt und motiviert f\u00fchlst.<\/p>\n            \n        <\/div>\n    <\/div>\n\n\n\n\n\t\n\t\n\t\t<div id=\"block_5930e4c0524ac41d9323e3669fb9cfd1\" class=\"storytelling-testuale\">\n\n\t\t\t\t\t\t\t<div class=\"storytelling-testuale bg-grey-lightest\">\n\t\t\t\t\t<div class=\"row sezione align-center pt-16 pb-8\">\n\t\t\t\t\t\t<div class=\"titles column small-12 medium-6 large-4 \">\n\t\t\t\t\t\t\t\t\t\t\t\t\t\t\t\t\t\t\t\t\t\t<span class=\"title h4 fw-700 color-primary title-line orange mb-2\">ARBEITEN VON \u00dcBERALL<\/span>\n\t\t\t\t\t\t\t\t\t\t\t\t\t\t\t\t\t\t\t\t<\/div>\n\n\t\t\t\t\t\t<div class=\"content column small-12 medium-6 large-4 \">\n\t\t\t\t\t\t\t<p class=\"\"><span class=\"TextRun SCXW74682966 BCX0\" data-contrast=\"auto\"><span class=\"NormalTextRun SCXW74682966 BCX0\">Bei Teoresi f\u00f6rdern wir eine Kultur der Eigenverantwortung und Flexibilit\u00e4t. Gestalte deinen beruflichen Weg mit der Freiheit, von \u00fcberall aus zu arbeiten, auch au\u00dferhalb Deutschlands. Nutze die Gelegenheit, deine Karriere voranzubringen und gleichzeitig pers\u00f6nliche Verpflichtungen in Einklang zu bringen. Mit <a href=\"https:\/\/workmotion.com\/\">Workmotion<\/a>, einer Plattform zur Verwaltung tempor\u00e4rer Auslandseins\u00e4tze, kannst du bis zu 90 Tage im Ausland remote arbeiten \u2013 zus\u00e4tzlich zu deinem regul\u00e4ren Urlaub, ohne dass wir uns um Compliance-Themen wie Steuern und rechtliche Vorgaben oder andere Risiken sorgen m\u00fcssen.<\/span><\/span><span class=\"EOP SCXW74682966 BCX0\" data-ccp-props=\"{&quot;201341983&quot;:0,&quot;335551550&quot;:6,&quot;335551620&quot;:6,&quot;335559739&quot;:160,&quot;335559740&quot;:360}\">\u00a0<\/span><\/p>\n\t\t\t\t\t\t<\/div>\n\t\t\t\t\t<\/div>\n\t\t\t\t<\/div>\n\n\t\t\t\t\t\t\t<div class=\"storytelling-testuale \">\n\t\t\t\t\t<div class=\"row sezione align-center pt-16 pb-8\">\n\t\t\t\t\t\t<div class=\"titles column small-12 medium-6 large-4 medium-order-2\">\n\t\t\t\t\t\t\t\t\t\t\t\t\t\t\t\t\t\t\t\t\t\t<span class=\"title h4 fw-700 color-primary title-line orange mb-2\">WORK-LIFE-BALANCE \/ FLEXIBLES SMART WORKING \/ ZUS\u00c4TZLICHE URLAUBSTAGE<\/span>\n\t\t\t\t\t\t\t\t\t\t\t\t\t\t\t\t\t\t\t\t<\/div>\n\n\t\t\t\t\t\t<div class=\"content column small-12 medium-6 large-4 medium-order-1\">\n\t\t\t\t\t\t\t<p class=\"\"><span class=\"TextRun SCXW93609292 BCX0\" data-contrast=\"auto\"><span class=\"NormalTextRun SCXW93609292 BCX0\">Finde deine ideale Work-Life-Balance mit unseren flexiblen Smart-Working-Optionen. Wir bieten verschiedene Modelle, damit du deine beruflichen und privaten Verpflichtungen optimal in Einklang bringen kannst.<\/span><\/span><span class=\"EOP SCXW93609292 BCX0\" data-ccp-props=\"{&quot;201341983&quot;:0,&quot;335551550&quot;:6,&quot;335551620&quot;:6,&quot;335559739&quot;:160,&quot;335559740&quot;:360}\">\u00a0<\/span><\/p>\n\t\t\t\t\t\t<\/div>\n\t\t\t\t\t<\/div>\n\t\t\t\t<\/div>\n\n\t\t\t\t\t\t\t<div class=\"storytelling-testuale bg-grey-lightest\">\n\t\t\t\t\t<div class=\"row sezione align-center pt-16 pb-8\">\n\t\t\t\t\t\t<div class=\"titles column small-12 medium-6 large-4 \">\n\t\t\t\t\t\t\t\t\t\t\t\t\t\t\t\t\t\t\t\t\t\t<span class=\"title h4 fw-700 color-primary title-line orange mb-2\">GESUNDHEITS- UND FITNESSPROGRAMM SOWIE MOBILIT\u00c4TSZULAGE<\/span>\n\t\t\t\t\t\t\t\t\t\t\t\t\t\t\t\t\t\t\t\t<\/div>\n\n\t\t\t\t\t\t<div class=\"content column small-12 medium-6 large-4 \">\n\t\t\t\t\t\t\t<p class=\"\">Deine k\u00f6rperliche und geistige Gesundheit ist uns wichtig. Nutze unser umfassendes Gesundheits- und Fitnessangebot \u00fcber <a href=\"https:\/\/egym-wellpass.com\/\">EGYM Wellpass<\/a> oder entscheide dich f\u00fcr das Mobilit\u00e4tsbudget f\u00fcr das <a href=\"https:\/\/int.bahn.de\/en\/offers\/regional\/deutschland-ticket\">Job-Ticket<\/a>. Zus\u00e4tzlich hast du Zugriff auf <em>Mitarbeiterangebote\u00a0\u2013 Corporate Benefits<\/em> \u2013 eine exklusive Plattform mit attraktiven Angeboten f\u00fcr hochwertige Produkte und Dienstleistungen bekannter Marken.<\/p>\n\t\t\t\t\t\t<\/div>\n\t\t\t\t\t<\/div>\n\t\t\t\t<\/div>\n\n\t\t\t\t\t\t\t<div class=\"storytelling-testuale \">\n\t\t\t\t\t<div class=\"row sezione align-center pt-16 pb-8\">\n\t\t\t\t\t\t<div class=\"titles column small-12 medium-6 large-4 medium-order-2\">\n\t\t\t\t\t\t\t\t\t\t\t\t\t\t\t\t\t\t\t\t\t\t<span class=\"title h4 fw-700 color-primary title-line orange mb-2\">INDIVIDUELLE WEITERBILDUNG<\/span>\n\t\t\t\t\t\t\t\t\t\t\t\t\t\t\t\t\t\t\t\t<\/div>\n\n\t\t\t\t\t\t<div class=\"content column small-12 medium-6 large-4 medium-order-1\">\n\t\t\t\t\t\t\t<p class=\"\">Entfalte dein Potenzial mit unseren ma\u00dfgeschneiderten Weiterbildungsprogrammen, die deine berufliche und pers\u00f6nliche Entwicklung unterst\u00fctzen. Bei Teoresi investieren wir in deine Weiterbildung, um dich auf deinem Karriereweg zu begleiten.<\/p>\n\t\t\t\t\t\t<\/div>\n\t\t\t\t\t<\/div>\n\t\t\t\t<\/div>\n\n\t\t\t\t\t\t\t<div class=\"storytelling-testuale bg-grey-lightest\">\n\t\t\t\t\t<div class=\"row sezione align-center pt-16 pb-8\">\n\t\t\t\t\t\t<div class=\"titles column small-12 medium-6 large-4 \">\n\t\t\t\t\t\t\t\t\t\t\t\t\t\t\t\t\t\t\t\t\t\t<span class=\"title h4 fw-700 color-primary title-line orange mb-2\">KONTINUIERLICHES FEEDBACK<\/span>\n\t\t\t\t\t\t\t\t\t\t\t\t\t\t\t\t\t\t\t\t<\/div>\n\n\t\t\t\t\t\t<div class=\"content column small-12 medium-6 large-4 \">\n\t\t\t\t\t\t\t<p class=\"\">Du hast Zugriff auf <a href=\"https:\/\/www.kibun.io\/it\">Kibun<\/a>, ein Tool, mit dem du alle zwei Wochen anonym Feedback zu deiner Zufriedenheit und deinen Erfahrungen im Unternehmen geben kannst. Dar\u00fcber hinaus finden regelm\u00e4\u00dfige Leistungsbewertungen statt, die deine Talente f\u00f6rdern, Bed\u00fcrfnisse und Chancen aufzeigen und dich dabei unterst\u00fctzen, dein volles Potenzial zu entfalten. Diese Initiativen unterstreichen unser Engagement f\u00fcr klare Erwartungen und eine Kultur der offenen Kommunikation bei Teoresi Deutschland.<\/p>\n\t\t\t\t\t\t<\/div>\n\t\t\t\t\t<\/div>\n\t\t\t\t<\/div>\n\n\t\t\t\t\t\t\t<div class=\"storytelling-testuale \">\n\t\t\t\t\t<div class=\"row sezione align-center pt-16 pb-8\">\n\t\t\t\t\t\t<div class=\"titles column small-12 medium-6 large-4 medium-order-2\">\n\t\t\t\t\t\t\t\t\t\t\t\t\t\t\t\t\t\t\t\t\t\t<span class=\"title h4 fw-700 color-primary title-line orange mb-2\">CORPORATE- UND TEAM-EVENTS<\/span>\n\t\t\t\t\t\t\t\t\t\t\t\t\t\t\t\t\t\t\t\t<\/div>\n\n\t\t\t\t\t\t<div class=\"content column small-12 medium-6 large-4 medium-order-1\">\n\t\t\t\t\t\t\t<p class=\"\">Werde Teil einer lebendigen Gemeinschaft bei den Corporate- und Team-Events von Teoresi. Hier kannst du an Aktivit\u00e4ten teilnehmen, die Teamarbeit f\u00f6rdern, Zusammenhalt st\u00e4rken und unsere gemeinsamen Erfolge feiern. Erlebe ein dynamisches Arbeitsumfeld, in dem Teamgeist und gemeinsame Erfolge im Mittelpunkt unserer Kultur stehen.<\/p>\n\t\t\t\t\t\t<\/div>\n\t\t\t\t\t<\/div>\n\t\t\t\t<\/div>\n\n\t\t\t\n\t\t<\/div>\n\n\t\n\n\n\t\t<div id=\"block_c3ce798b5138bc54b54b2a470ef5d2a8\" class=\"hero-image\">\n\t\t<div class=\"image-hero-container intermezzo row expanded isdark align-middle align-center \">\n\n\t\t\t<div class=\"hero-content column small-12 medium-9 large-7 text-center\">\n\n\t\t\t\t\n\t\t\t\t\t\t\t\t\t<span class=\"title h2 fw-300 lh-10 mb-0\">Mitarbeiter sind unser wertvollstes Kapital. <\/span>\n\t\t\t\t\n\t\t\t\t\t\t\t\t\t<span class=\"title h1 dot-after\">Werde Teil unseres Teams!<\/span>\n\t\t\t\t\t<span class=\"block\"><\/span>\n\t\t\t\t\n\t\t\t\t\n\t\t\t\t\t\t\t\t\t <a class=\"button white mt-8 mb-0\" href=\"https:\/\/job.teoresigroup.com\/\"  onclick=\"ga('send', 'event', 'Action-Link', 'hero tipo b', 'Alle Jobangebote ansehen');\">Alle Jobangebote ansehen<\/a><\/h3>\n\t\t\t\t\n\t\t\t<\/div>\n\n\t\t\t\n\t\t\t<div class=\"hero-bg bg-img b-lazy\" data-src = \"https:\/\/www.teoresigroup.com\/wp-content\/uploads\/2020\/09\/join-us-bg.jpg\"  data-paroller-factor=\"0.3\" data-paroller-type=\"background\" data-paroller-direction=\"vertical\" data-paroller-transition=\"transform .1s linear\"><\/div>\n\n\t\t\t<div class=\"hero-filter\"><\/div>\n\n\t\t<\/div>\n\t<\/div>\n\n","protected":false},"excerpt":{"rendered":"","protected":false},"author":7,"featured_media":41071,"parent":7780,"menu_order":0,"comment_status":"closed","ping_status":"closed","template":"","meta":{"_acf_changed":false,"footnotes":""},"class_list":["post-41660","page","type-page","status-publish","has-post-thumbnail","hentry"],"yoast_head":"<!-- This site is optimized with the Yoast SEO plugin v27.4 - https:\/\/yoast.com\/product\/yoast-seo-wordpress\/ -->\n<title>Teoresi Germany Wellbeing - Teoresi Group<\/title>\n<meta name=\"description\" content=\"Discover all you need to know about Teoresi Germany Wellbeing on Teoresi Group - Teoresi Group is high profile engineering. It offers an innovative approach in close synergy with the Research and Development departments of the main industrial players.\" \/>\n<meta name=\"robots\" content=\"index, follow, max-snippet:-1, max-image-preview:large, max-video-preview:-1\" \/>\n<link rel=\"canonical\" href=\"https:\/\/www.teoresigroup.com\/de\/career\/benefit-germany\/\" \/>\n<meta property=\"og:locale\" content=\"de_DE\" \/>\n<meta property=\"og:type\" content=\"article\" \/>\n<meta property=\"og:title\" content=\"Teoresi Germany Wellbeing - Teoresi Group\" \/>\n<meta property=\"og:description\" content=\"Discover all you need to know about Teoresi Germany Wellbeing on Teoresi Group - Teoresi Group is high profile engineering. It offers an innovative approach in close synergy with the Research and Development departments of the main industrial players.\" \/>\n<meta property=\"og:url\" content=\"https:\/\/www.teoresigroup.com\/de\/career\/benefit-germany\/\" \/>\n<meta property=\"og:site_name\" content=\"Teoresi Group\" \/>\n<meta property=\"article:publisher\" content=\"https:\/\/www.facebook.com\/pages\/Gruppo-Teoresi\/118393464917205\" \/>\n<meta property=\"article:modified_time\" content=\"2024-11-11T08:49:02+00:00\" \/>\n<meta property=\"og:image\" content=\"https:\/\/www.teoresigroup.com\/wp-content\/uploads\/2024\/09\/herobenefit.jpg\" \/>\n\t<meta property=\"og:image:width\" content=\"1920\" \/>\n\t<meta property=\"og:image:height\" content=\"985\" \/>\n\t<meta property=\"og:image:type\" content=\"image\/jpeg\" \/>\n<meta name=\"twitter:card\" content=\"summary_large_image\" \/>\n<meta name=\"twitter:label1\" content=\"Gesch\u00e4tzte Lesezeit\" \/>\n\t<meta name=\"twitter:data1\" content=\"1\u00a0Minute\" \/>\n<script type=\"application\/ld+json\" class=\"yoast-schema-graph\">{\"@context\":\"https:\\\/\\\/schema.org\",\"@graph\":[{\"@type\":\"WebPage\",\"@id\":\"https:\\\/\\\/www.teoresigroup.com\\\/de\\\/career\\\/benefit-germany\\\/\",\"url\":\"https:\\\/\\\/www.teoresigroup.com\\\/de\\\/career\\\/benefit-germany\\\/\",\"name\":\"Teoresi Germany Wellbeing - Teoresi Group\",\"isPartOf\":{\"@id\":\"https:\\\/\\\/www.teoresigroup.com\\\/it\\\/#website\"},\"primaryImageOfPage\":{\"@id\":\"https:\\\/\\\/www.teoresigroup.com\\\/de\\\/career\\\/benefit-germany\\\/#primaryimage\"},\"image\":{\"@id\":\"https:\\\/\\\/www.teoresigroup.com\\\/de\\\/career\\\/benefit-germany\\\/#primaryimage\"},\"thumbnailUrl\":\"https:\\\/\\\/www.teoresigroup.com\\\/wp-content\\\/uploads\\\/2024\\\/09\\\/herobenefit.jpg\",\"datePublished\":\"2024-09-26T10:13:21+00:00\",\"dateModified\":\"2024-11-11T08:49:02+00:00\",\"description\":\"Discover all you need to know about Teoresi Germany Wellbeing on Teoresi Group - Teoresi Group is high profile engineering. It offers an innovative approach in close synergy with the Research and Development departments of the main industrial players.\",\"breadcrumb\":{\"@id\":\"https:\\\/\\\/www.teoresigroup.com\\\/de\\\/career\\\/benefit-germany\\\/#breadcrumb\"},\"inLanguage\":\"de\",\"potentialAction\":[{\"@type\":\"ReadAction\",\"target\":[\"https:\\\/\\\/www.teoresigroup.com\\\/de\\\/career\\\/benefit-germany\\\/\"]}]},{\"@type\":\"ImageObject\",\"inLanguage\":\"de\",\"@id\":\"https:\\\/\\\/www.teoresigroup.com\\\/de\\\/career\\\/benefit-germany\\\/#primaryimage\",\"url\":\"https:\\\/\\\/www.teoresigroup.com\\\/wp-content\\\/uploads\\\/2024\\\/09\\\/herobenefit.jpg\",\"contentUrl\":\"https:\\\/\\\/www.teoresigroup.com\\\/wp-content\\\/uploads\\\/2024\\\/09\\\/herobenefit.jpg\",\"width\":1920,\"height\":985},{\"@type\":\"BreadcrumbList\",\"@id\":\"https:\\\/\\\/www.teoresigroup.com\\\/de\\\/career\\\/benefit-germany\\\/#breadcrumb\",\"itemListElement\":[{\"@type\":\"ListItem\",\"position\":1,\"name\":\"\",\"item\":\"https:\\\/\\\/www.teoresigroup.com\\\/de\\\/\"},{\"@type\":\"ListItem\",\"position\":2,\"name\":\"Career\",\"item\":\"https:\\\/\\\/www.teoresigroup.com\\\/de\\\/career\\\/\"},{\"@type\":\"ListItem\",\"position\":3,\"name\":\"Teoresi Germany Wellbeing\"}]},{\"@type\":\"WebSite\",\"@id\":\"https:\\\/\\\/www.teoresigroup.com\\\/it\\\/#website\",\"url\":\"https:\\\/\\\/www.teoresigroup.com\\\/it\\\/\",\"name\":\"Teoresi Group\",\"description\":\"Engineering for Human life.\",\"publisher\":{\"@id\":\"https:\\\/\\\/www.teoresigroup.com\\\/it\\\/#organization\"},\"potentialAction\":[{\"@type\":\"SearchAction\",\"target\":{\"@type\":\"EntryPoint\",\"urlTemplate\":\"https:\\\/\\\/www.teoresigroup.com\\\/it\\\/?s={search_term_string}\"},\"query-input\":{\"@type\":\"PropertyValueSpecification\",\"valueRequired\":true,\"valueName\":\"search_term_string\"}}],\"inLanguage\":\"de\"},{\"@type\":\"Organization\",\"@id\":\"https:\\\/\\\/www.teoresigroup.com\\\/it\\\/#organization\",\"name\":\"Teoresi Group\",\"url\":\"https:\\\/\\\/www.teoresigroup.com\\\/it\\\/\",\"logo\":{\"@type\":\"ImageObject\",\"inLanguage\":\"de\",\"@id\":\"https:\\\/\\\/www.teoresigroup.com\\\/it\\\/#\\\/schema\\\/logo\\\/image\\\/\",\"url\":\"https:\\\/\\\/www.teoresigroup.com\\\/wp-content\\\/uploads\\\/2020\\\/12\\\/teoresi-logo-color.svg\",\"contentUrl\":\"https:\\\/\\\/www.teoresigroup.com\\\/wp-content\\\/uploads\\\/2020\\\/12\\\/teoresi-logo-color.svg\",\"width\":1,\"height\":1,\"caption\":\"Teoresi Group\"},\"image\":{\"@id\":\"https:\\\/\\\/www.teoresigroup.com\\\/it\\\/#\\\/schema\\\/logo\\\/image\\\/\"},\"sameAs\":[\"https:\\\/\\\/www.facebook.com\\\/pages\\\/Gruppo-Teoresi\\\/118393464917205\",\"https:\\\/\\\/www.instagram.com\\\/teoresigroup\\\/\",\"https:\\\/\\\/www.linkedin.com\\\/company\\\/teoresigroup\\\/\",\"https:\\\/\\\/www.youtube.com\\\/channel\\\/UCNdBBSSax2EWPmFk5QzYP8Q\"]}]}<\/script>\n<!-- \/ Yoast SEO plugin. -->","yoast_head_json":{"title":"Teoresi Germany Wellbeing - Teoresi Group","description":"Discover all you need to know about Teoresi Germany Wellbeing on Teoresi Group - Teoresi Group is high profile engineering. It offers an innovative approach in close synergy with the Research and Development departments of the main industrial players.","robots":{"index":"index","follow":"follow","max-snippet":"max-snippet:-1","max-image-preview":"max-image-preview:large","max-video-preview":"max-video-preview:-1"},"canonical":"https:\/\/www.teoresigroup.com\/de\/career\/benefit-germany\/","og_locale":"de_DE","og_type":"article","og_title":"Teoresi Germany Wellbeing - Teoresi Group","og_description":"Discover all you need to know about Teoresi Germany Wellbeing on Teoresi Group - Teoresi Group is high profile engineering. It offers an innovative approach in close synergy with the Research and Development departments of the main industrial players.","og_url":"https:\/\/www.teoresigroup.com\/de\/career\/benefit-germany\/","og_site_name":"Teoresi Group","article_publisher":"https:\/\/www.facebook.com\/pages\/Gruppo-Teoresi\/118393464917205","article_modified_time":"2024-11-11T08:49:02+00:00","og_image":[{"width":1920,"height":985,"url":"https:\/\/www.teoresigroup.com\/wp-content\/uploads\/2024\/09\/herobenefit.jpg","type":"image\/jpeg"}],"twitter_card":"summary_large_image","twitter_misc":{"Gesch\u00e4tzte Lesezeit":"1\u00a0Minute"},"schema":{"@context":"https:\/\/schema.org","@graph":[{"@type":"WebPage","@id":"https:\/\/www.teoresigroup.com\/de\/career\/benefit-germany\/","url":"https:\/\/www.teoresigroup.com\/de\/career\/benefit-germany\/","name":"Teoresi Germany Wellbeing - Teoresi Group","isPartOf":{"@id":"https:\/\/www.teoresigroup.com\/it\/#website"},"primaryImageOfPage":{"@id":"https:\/\/www.teoresigroup.com\/de\/career\/benefit-germany\/#primaryimage"},"image":{"@id":"https:\/\/www.teoresigroup.com\/de\/career\/benefit-germany\/#primaryimage"},"thumbnailUrl":"https:\/\/www.teoresigroup.com\/wp-content\/uploads\/2024\/09\/herobenefit.jpg","datePublished":"2024-09-26T10:13:21+00:00","dateModified":"2024-11-11T08:49:02+00:00","description":"Discover all you need to know about Teoresi Germany Wellbeing on Teoresi Group - Teoresi Group is high profile engineering. It offers an innovative approach in close synergy with the Research and Development departments of the main industrial players.","breadcrumb":{"@id":"https:\/\/www.teoresigroup.com\/de\/career\/benefit-germany\/#breadcrumb"},"inLanguage":"de","potentialAction":[{"@type":"ReadAction","target":["https:\/\/www.teoresigroup.com\/de\/career\/benefit-germany\/"]}]},{"@type":"ImageObject","inLanguage":"de","@id":"https:\/\/www.teoresigroup.com\/de\/career\/benefit-germany\/#primaryimage","url":"https:\/\/www.teoresigroup.com\/wp-content\/uploads\/2024\/09\/herobenefit.jpg","contentUrl":"https:\/\/www.teoresigroup.com\/wp-content\/uploads\/2024\/09\/herobenefit.jpg","width":1920,"height":985},{"@type":"BreadcrumbList","@id":"https:\/\/www.teoresigroup.com\/de\/career\/benefit-germany\/#breadcrumb","itemListElement":[{"@type":"ListItem","position":1,"name":"","item":"https:\/\/www.teoresigroup.com\/de\/"},{"@type":"ListItem","position":2,"name":"Career","item":"https:\/\/www.teoresigroup.com\/de\/career\/"},{"@type":"ListItem","position":3,"name":"Teoresi Germany Wellbeing"}]},{"@type":"WebSite","@id":"https:\/\/www.teoresigroup.com\/it\/#website","url":"https:\/\/www.teoresigroup.com\/it\/","name":"Teoresi Group","description":"Engineering for Human life.","publisher":{"@id":"https:\/\/www.teoresigroup.com\/it\/#organization"},"potentialAction":[{"@type":"SearchAction","target":{"@type":"EntryPoint","urlTemplate":"https:\/\/www.teoresigroup.com\/it\/?s={search_term_string}"},"query-input":{"@type":"PropertyValueSpecification","valueRequired":true,"valueName":"search_term_string"}}],"inLanguage":"de"},{"@type":"Organization","@id":"https:\/\/www.teoresigroup.com\/it\/#organization","name":"Teoresi Group","url":"https:\/\/www.teoresigroup.com\/it\/","logo":{"@type":"ImageObject","inLanguage":"de","@id":"https:\/\/www.teoresigroup.com\/it\/#\/schema\/logo\/image\/","url":"https:\/\/www.teoresigroup.com\/wp-content\/uploads\/2020\/12\/teoresi-logo-color.svg","contentUrl":"https:\/\/www.teoresigroup.com\/wp-content\/uploads\/2020\/12\/teoresi-logo-color.svg","width":1,"height":1,"caption":"Teoresi Group"},"image":{"@id":"https:\/\/www.teoresigroup.com\/it\/#\/schema\/logo\/image\/"},"sameAs":["https:\/\/www.facebook.com\/pages\/Gruppo-Teoresi\/118393464917205","https:\/\/www.instagram.com\/teoresigroup\/","https:\/\/www.linkedin.com\/company\/teoresigroup\/","https:\/\/www.youtube.com\/channel\/UCNdBBSSax2EWPmFk5QzYP8Q"]}]}},"acf":[],"_links":{"self":[{"href":"https:\/\/www.teoresigroup.com\/de\/wp-json\/wp\/v2\/pages\/41660","targetHints":{"allow":["GET"]}}],"collection":[{"href":"https:\/\/www.teoresigroup.com\/de\/wp-json\/wp\/v2\/pages"}],"about":[{"href":"https:\/\/www.teoresigroup.com\/de\/wp-json\/wp\/v2\/types\/page"}],"author":[{"embeddable":true,"href":"https:\/\/www.teoresigroup.com\/de\/wp-json\/wp\/v2\/users\/7"}],"replies":[{"embeddable":true,"href":"https:\/\/www.teoresigroup.com\/de\/wp-json\/wp\/v2\/comments?post=41660"}],"version-history":[{"count":2,"href":"https:\/\/www.teoresigroup.com\/de\/wp-json\/wp\/v2\/pages\/41660\/revisions"}],"predecessor-version":[{"id":44050,"href":"https:\/\/www.teoresigroup.com\/de\/wp-json\/wp\/v2\/pages\/41660\/revisions\/44050"}],"up":[{"embeddable":true,"href":"https:\/\/www.teoresigroup.com\/de\/wp-json\/wp\/v2\/pages\/7780"}],"wp:featuredmedia":[{"embeddable":true,"href":"https:\/\/www.teoresigroup.com\/de\/wp-json\/wp\/v2\/media\/41071"}],"wp:attachment":[{"href":"https:\/\/www.teoresigroup.com\/de\/wp-json\/wp\/v2\/media?parent=41660"}],"curies":[{"name":"wp","href":"https:\/\/api.w.org\/{rel}","templated":true}]}}