{"id":20163,"date":"2020-11-19T16:42:09","date_gmt":"2020-11-19T15:42:09","guid":{"rendered":"https:\/\/www.teoresigroup.com\/?page_id=20163"},"modified":"2024-05-14T11:44:02","modified_gmt":"2024-05-14T09:44:02","slug":"vector","status":"publish","type":"page","link":"https:\/\/www.teoresigroup.com\/it\/activities\/partnership\/vector\/","title":{"rendered":"Vector"},"content":{"rendered":"\n\t\n\t\n\t\t<div id=\"block_cc6c3582853519434be293b7898a16bf\" class=\"hero-image\">\n\t\t\t<div class=\"image-hero-container row expanded isdark\">\n\n\t\t\t\t\t\t\t\t\t<div class=\"top absolute z-10 pin-t pin-l xsmall-pt-4 xsmall-pl-4 small-pt-6 small-pl-6 pt-12 pl-12\">\n\t\t\t\t\t\t<span class=\"toptitle color-white title-line orange\">PARTNERS<\/span>\n\t\t\t\t\t<\/div>\n\t\t\t\t\n\t\t\t\t<!-- Icona centrale per small -->\n\t\t\t\t<div class=\"hero-icon middle hide-for-medium absolute z-10 pin-l xsmall-pl-4 small-pl-6 pl-12\">\n\t\t\t\t\t\t\t\t\t\t\t<figure class=\"fade-in\" style=\"\" data-url=\"https:\/\/www.teoresigroup.com\/wp-content\/uploads\/2024\/05\/ceep-teoresi-2024.png\" data-size=\"312x313\" ><img decoding=\"async\" class=\"b-lazy \" style=\"\" src=\"https:\/\/www.teoresigroup.com\/wp-content\/uploads\/2024\/09\/teoresi-favicon2024.png\" itemprop=\"thumbnail\" data-src=\"https:\/\/www.teoresigroup.com\/wp-content\/uploads\/2024\/05\/ceep-teoresi-2024.png|https:\/\/www.teoresigroup.com\/wp-content\/uploads\/2024\/05\/ceep-teoresi-2024.png|https:\/\/www.teoresigroup.com\/wp-content\/uploads\/2024\/05\/ceep-teoresi-2024.png\" alt=\"Certificazione Vector Certified Embedded Engineering Partner Teoresi 2024\" width=\"312\" height=\"313\" \/><figcaption class=\"image-caption block\"><\/figcaption><\/figure>\t\t\t\t\t\n\t\t\t\t<\/div>\n\n\t\t\t\t<!-- Blocco Icona + Titolo per medium-up -->\n\t\t\t\t<div class=\"bottom show-for-medium z-10 absolute pin-b pin-l xsmall-pb-4 xsmall-pl-4 pb-12 pl-12\">\n\n\t\t\t\t\t\t\t\t\t\t\t<figure class=\"width-64 fade-in\" style=\"\" data-url=\"https:\/\/www.teoresigroup.com\/wp-content\/uploads\/2024\/05\/ceep-teoresi-2024.png\" data-size=\"312x313\" ><img decoding=\"async\" class=\"b-lazy \" style=\"\" src=\"https:\/\/www.teoresigroup.com\/wp-content\/uploads\/2024\/09\/teoresi-favicon2024.png\" itemprop=\"thumbnail\" data-src=\"https:\/\/www.teoresigroup.com\/wp-content\/uploads\/2024\/05\/ceep-teoresi-2024.png|https:\/\/www.teoresigroup.com\/wp-content\/uploads\/2024\/05\/ceep-teoresi-2024.png|https:\/\/www.teoresigroup.com\/wp-content\/uploads\/2024\/05\/ceep-teoresi-2024.png\" alt=\"Certificazione Vector Certified Embedded Engineering Partner Teoresi 2024\" width=\"312\" height=\"313\" \/><figcaption class=\"image-caption block\"><\/figcaption><\/figure>\t\t\t\t\t\n\t\t\t\t\t\t\t\t\t\t\t<h1 class=\"hero-title title mb-0 dot-after\">Vector<\/h1>\n\t\t\t\t\t\t\t\t\t\t\t\t\t\t\t\t<h2 class=\"subtitle h4 mt-2 color-grey-lighter\">Teoresi \u00e8 Vector Certified Embedded Engineering Partner<\/h2>\n\t\t\t\t\t\n\t\t\t\t<\/div>\n\n\t\t\t\t\n\t\t\t\t\t\n\t\t\t\t\t<!-- Versione senza parallasse -->\n\t\t\t\t\t<div class=\"hero-bg bg-img b-lazy\" data-src = \"https:\/\/www.teoresigroup.com\/wp-content\/uploads\/2022\/10\/vector-certifiedpartner-hero-1920x1285.png\" ><\/div>\n\n\t\t\t\t\n\t\t\t\t<div class=\"hero-filter\"><\/div>\n\n\t\t\t<\/div>\n\t\t<\/div>\n\n\t\t<!-- Titolo fuori Hero per small -->\n\t\t<div class=\"row sezione hide-for-medium\">\n\n\t\t\t<div class=\"column\">\n\t\t\t\t\t\t\t\t\t<h1 class=\"hero-title title mb-0 dot-after\">Vector<\/h1>\n\t\t\t\t\t\t\t\t\t\t\t\t\t<h2 class=\"subtitle h4 mt-2\">Teoresi \u00e8 Vector Certified Embedded Engineering Partner<\/h2>\n\t\t\t\t\t\t\t<\/div>\n\n\t\t<\/div>\n\n\t\n\n\n\n    \n    <div id=\"block_bde4200e41e483a6a3806c35f37125d2\" class=\"breadcrumbs row sezione\">\n        <div class=\"column small-12 fs-xsmall\">\n            <span><span><a href=\"https:\/\/www.teoresigroup.com\/it\/\"><span class=\"tg-homepage-icon\"><\/span><\/a><\/span><\/span>        <\/div>\n    <\/div>\n\n\n\n\n    <span class=\"block p-4\">&nbsp;<\/span>\n\n\n\n\n<div class=\"wp-block-columns align-center row sezione\">\n<div class=\"wp-block-column column small-12 medium-10 large-8\">\n<p class=\"wp-block-studio42-paragraph-lead lead text-none\"><br\/>Grazie a questo riconoscimento siamo ufficialmente fornitori certificati in conformit\u00e0 allo standard AUTOSAR per le architetture software delle centraline elettroniche a bordo veicolo.  Siamo in grado di offrire un supporto certificato nei progetti di sviluppo di software embedded per il settore automotive.<\/p>\n\n\n\n<p class=\"wp-block-studio42-paragraph text-none\"><strong>Vector Informatik<\/strong>\u00a0\u00e8 un\u2019azienda tedesca, leader di mercato nello sviluppo di hardware e software per la progettazione, lo sviluppo e la validazione di sistemi di rete ed elettronici nel settore automotive, e membro promotore del consorzio AUTOSAR (AUTomotive Open System ARchitecture).<br\/>In ambito AUTOSAR, Vector sviluppa tool per la configurazione del software delle centraline embedded e per la generazione di codice C (MICROSAR solution).<br\/><\/p>\n\n\n\n    <span class=\"block p-4\">&nbsp;<\/span>\n\n\n\n\n    <div class=\"text-center\">\n        <a id=\"block_7704eb83d56b31ff1b9833369e550fac\" class=\"button block\" href=\"https:\/\/www.vector.com\/int\/en\/products\/application-areas\/embedded-software\/certified-embedded-engineering-partner\/?Link_to_related_web_page=&#038;cHash=57166a8b02e1b9c0b57c8655da8addc4#c304969\" target=\"_blank rel=\"noopener nofollower\">Scopri di pi\u00f9 sulla partnership con Vector<\/a>\n    <\/div>\n\n\n\n\n    <span class=\"block p-4\">&nbsp;<\/span>\n\n<\/div>\n<\/div>\n\n\n\n    <div id=\"block_7086a090c33e8b30af1c0b3e8063fb4e\" class=\"row sezione mt-8 align-center\">\n        <div class=\"column small-12 medium-10 large-8 text-center\">\n                                        <span class=\"title h2 fw-700 mb-2\">Chi \u00e8 Vector<\/span>\n                                        <span class=\"subtitle h5 fw-400\">Semplificare lo sviluppo dell&#8217;elettronica per autoveicoli<\/span>\n                    <\/div>\n    <\/div>\n\n\n\n\n<div class=\"wp-block-columns row sezione\">\n<div class=\"wp-block-column column small-12 medium-10\">\n<p>Da oltre 35 anni, Vector \u00e8 un partner affidabile nello sviluppo dell&#8217;elettronica dei veicoli. Oltre 4.000 dipendenti nelle 33 sedi in tutto il mondo supportano i produttori e i fornitori dell&#8217;industria automobilistica e dei settori correlati con una piattaforma professionale di tool, componenti software e servizi per lo sviluppo di sistemi embedded. Oltre a lavorare sulle tecnologie elettroniche di domani, Vector \u00e8 anche impegnata in vari settori dell&#8217;istruzione, della ricerca e della responsabilit\u00e0 sociale.<\/p>\n<\/div>\n<\/div>\n\n\n\n    \n    \n        <div id=\"block_3116f3dfeb9468af45147cf90207fa85\" class=\"focus-box row mt-16 mb-16 \">\n\n            <div class=\"column small-12\">\n\n                                    <div class=\"row sezione align-center collapse-0 bg-grey-lightest\">\n\n                        <div class=\"focus-box-media column small-12 medium-6 photoswipe-item bg-grey-lighter medium-order-2\">\n\n                            \n                            \n                                <figure class=\"pointer relative h-100 overflow-hidden\" title=\"click to zoom-in\" data-url=\"https:\/\/www.teoresigroup.com\/wp-content\/uploads\/2022\/10\/vector-certifiedpartner-focus-960x641.png\" data-size=\"960x641\" itemprop=\"associatedMedia\" itemscope itemtype=\"http:\/\/schema.org\/ImageObject\">\n                                    <img decoding=\"async\" class=\"focus-box-image absolute align-self-xy\" src=\"https:\/\/www.teoresigroup.com\/wp-content\/uploads\/2022\/10\/vector-certifiedpartner-focus-640x427.png\" alt=\"\" itemprop=\"thumbnail\" \/>\n                                    <svg class=\"icon tg-resize width-8 absolute z-10  pin-b pin-r mr-4 mb-4 color-white\" xmlns=\"http:\/\/www.w3.org\/2000\/svg\" viewBox=\"0 0 512 512\"><polyline points=\"304 96 416 96 416 208\" style=\"fill:none;stroke:#fff;stroke-linecap:round;stroke-linejoin:round;stroke-width:32px\"\/><line x1=\"405.77\" y1=\"106.2\" x2=\"111.98\" y2=\"400.02\" style=\"fill:none;stroke:#fff;stroke-linecap:round;stroke-linejoin:round;stroke-width:32px\"\/><polyline points=\"208 416 96 416 96 304\" style=\"fill:none;stroke:#fff;stroke-linecap:round;stroke-linejoin:round;stroke-width:32px\"\/><\/svg>                                    <div class=\"hero-filter\"><\/div>\n                                <\/figure>\n\n                            \n                        <\/div>\n\n\n\n                        <div class=\"focus-box-content column small-12 medium-6 p-8 medium-order-1\">\n                                                            <span class=\"toptitle fs-xsmall title-line right mb-2\">CERTIFICATION<\/span>\n                                                                                        <span class=\"title h5 mb-2\">Vector Autosar<\/span>\n                                                                                        <span class=\"subtitle fs-small fw-400\">Automotive Open System Architecture<\/span>\n                            \n                            <p class=\"mt-4\">AUTOmotive Open System Architecture (AUTOSAR) \u00e8 una partnership di sviluppo composta da membri legati al settore automobilistico,\u00a0 fondata nel 2003. Ha l&#8217;obiettivo di creare e stabilire un&#8217;architettura software aperta e standardizzata per le unit\u00e0 di controllo elettroniche degli autoveicoli.<\/p>\n<p class=\"mt-4\"><strong>Vector fornisce soluzioni AUTOSAR collaudate sul campo<\/strong>, offrendo una gamma completa di strumenti per la progettazione e lo sviluppo, software per centraline e servizi legati ad AUTOSAR.<\/p>\n<p class=\"mt-4\">AUTOSAR fornisce le specifiche dei moduli software di base, definisce le interfacce applicative e costruisce una metodologia di sviluppo comune basata su un formato XML di scambio standardizzato.<\/p>\n <a class=\"button\" href=\"https:\/\/www.autosar.org\/\" target=\"_blank\" rel=\"nofollow noopener\" onclick=\"ga('send', 'event', 'Action-Link', 'Click', 'Scopri di pi\u00f9 sul sito Autosar');\">Scopri di pi\u00f9 sul sito Autosar<\/a>\n                        <\/div>\n\n\n                    <\/div>\n\n                                    <div class=\"row sezione align-center collapse-0 bg-grey-lightest\">\n\n                        <div class=\"focus-box-media column small-12 medium-6 photoswipe-item bg-grey-lighter medium-order-1\">\n\n                            \n                            \n                                <figure class=\"pointer relative h-100 overflow-hidden\" title=\"click to zoom-in\" data-url=\"https:\/\/www.teoresigroup.com\/wp-content\/uploads\/2023\/05\/cep-bswintegration.png\" data-size=\"312x312\" itemprop=\"associatedMedia\" itemscope itemtype=\"http:\/\/schema.org\/ImageObject\">\n                                    <img decoding=\"async\" class=\"focus-box-image absolute align-self-xy\" src=\"https:\/\/www.teoresigroup.com\/wp-content\/uploads\/2023\/05\/cep-bswintegration.png\" alt=\"\" itemprop=\"thumbnail\" \/>\n                                    <svg class=\"icon tg-resize width-8 absolute z-10  pin-b pin-r mr-4 mb-4 color-white\" xmlns=\"http:\/\/www.w3.org\/2000\/svg\" viewBox=\"0 0 512 512\"><polyline points=\"304 96 416 96 416 208\" style=\"fill:none;stroke:#fff;stroke-linecap:round;stroke-linejoin:round;stroke-width:32px\"\/><line x1=\"405.77\" y1=\"106.2\" x2=\"111.98\" y2=\"400.02\" style=\"fill:none;stroke:#fff;stroke-linecap:round;stroke-linejoin:round;stroke-width:32px\"\/><polyline points=\"208 416 96 416 96 304\" style=\"fill:none;stroke:#fff;stroke-linecap:round;stroke-linejoin:round;stroke-width:32px\"\/><\/svg>                                    <div class=\"hero-filter\"><\/div>\n                                <\/figure>\n\n                            \n                        <\/div>\n\n\n\n                        <div class=\"focus-box-content column small-12 medium-6 p-8 medium-order-2\">\n                                                            <span class=\"toptitle fs-xsmall title-line right mb-2\">CERTIFICATION<\/span>\n                                                                                        <span class=\"title h5 mb-2\">Vector CEP Certification<\/span>\n                                                                                        <span class=\"subtitle fs-small fw-400\">Professional<\/span>\n                            \n                            <p class=\"mt-4\"><strong>Vector CEP (Certified Embedded Professional<\/strong>) \u00e8 la certificazione ottenuta internamente e che ha permesso a Teoresi di diventare Partner certificato.<\/p>\n<p class=\"mt-4\">Il riconoscimento \u00e8 stato ottenuto grazie alle nostre competenze interne e alla conoscenza dello standard AUTOSAR, consentendo alla nostra azienda di accedere alla partnership esclusiva con Vector, che prevede la menzione tra i partner ufficiali sul sito web di Vector, il consolidamento della collaborazione con Vector e l&#8217;accesso diretto a risorse e sessioni tecniche esclusive su argomenti specifici e l&#8217;opportunit\u00e0 di confrontarsi con professionisti del settore provenienti da tutto il mondo. La formazione su Autosar continuer\u00e0 a coinvolgere nuovi colleghi per consolidare e diffondere la conoscenza di Autosar all&#8217;interno della nostra azienda.<\/p>\n<p class=\"mt-4\">Tutto questo si traduce in una maggiore affidabilit\u00e0 nei mercati tedesco e statunitense, dove la conformit\u00e0 allo standard \u00e8 particolarmente richiesta, aprendo l&#8217;opportunit\u00e0 a nuovi progetti in ambito automotive.<\/p>\n                        <\/div>\n\n\n                    <\/div>\n\n                \n            <\/div>\n\n        <\/div>\n\n    \n\n\n\n    <span class=\"block p-8\">&nbsp;<\/span>\n\n","protected":false},"excerpt":{"rendered":"<p class=\"excerpt\">Da oltre 35 anni, Vector \u00e8 un partner affidabile nello sviluppo dell&#8217;elettronica dei veicoli. Oltre 4.000 dipendenti nelle 33 sedi in tutto il mondo supportano i produttori e i fornitori dell&#8217;industria automobilistica e dei settori correlati con una piattaforma professionale di tool, componenti software e servizi per lo sviluppo di sistemi embedded. Oltre a lavorare sulle tecnologie elettroniche di domani,&#8230;<\/p>\n","protected":false},"author":7,"featured_media":16487,"parent":7621,"menu_order":7,"comment_status":"closed","ping_status":"closed","template":"","meta":{"_acf_changed":false,"footnotes":""},"class_list":["post-20163","page","type-page","status-publish","has-post-thumbnail","hentry"],"yoast_head":"<!-- This site is optimized with the Yoast SEO plugin v27.3 - https:\/\/yoast.com\/product\/yoast-seo-wordpress\/ -->\n<title>Vector - Teoresi Group<\/title>\n<meta name=\"description\" content=\"Discover all you need to know about Vector on Teoresi Group - Teoresi Group is high profile engineering. It offers an innovative approach in close synergy with the Research and Development departments of the main industrial players.\" \/>\n<meta name=\"robots\" content=\"index, follow, max-snippet:-1, max-image-preview:large, max-video-preview:-1\" \/>\n<link rel=\"canonical\" href=\"https:\/\/www.teoresigroup.com\/it\/activities\/partnership\/vector\/\" \/>\n<meta property=\"og:locale\" content=\"it_IT\" \/>\n<meta property=\"og:type\" content=\"article\" \/>\n<meta property=\"og:title\" content=\"Vector - Teoresi Group\" \/>\n<meta property=\"og:description\" content=\"Discover all you need to know about Vector on Teoresi Group - Teoresi Group is high profile engineering. It offers an innovative approach in close synergy with the Research and Development departments of the main industrial players.\" \/>\n<meta property=\"og:url\" content=\"https:\/\/www.teoresigroup.com\/it\/activities\/partnership\/vector\/\" \/>\n<meta property=\"og:site_name\" content=\"Teoresi Group\" \/>\n<meta property=\"article:publisher\" content=\"https:\/\/www.facebook.com\/pages\/Gruppo-Teoresi\/118393464917205\" \/>\n<meta property=\"article:modified_time\" content=\"2024-05-14T09:44:02+00:00\" \/>\n<meta property=\"og:image\" content=\"https:\/\/www.teoresigroup.com\/wp-content\/uploads\/2022\/06\/hero-st-03b.jpg\" \/>\n\t<meta property=\"og:image:width\" content=\"1920\" \/>\n\t<meta property=\"og:image:height\" content=\"1041\" \/>\n\t<meta property=\"og:image:type\" content=\"image\/jpeg\" \/>\n<meta name=\"twitter:card\" content=\"summary_large_image\" \/>\n<meta name=\"twitter:label1\" content=\"Tempo di lettura stimato\" \/>\n\t<meta name=\"twitter:data1\" content=\"1 minuto\" \/>\n<script type=\"application\/ld+json\" class=\"yoast-schema-graph\">{\"@context\":\"https:\\\/\\\/schema.org\",\"@graph\":[{\"@type\":\"WebPage\",\"@id\":\"https:\\\/\\\/www.teoresigroup.com\\\/it\\\/activities\\\/partnership\\\/vector\\\/\",\"url\":\"https:\\\/\\\/www.teoresigroup.com\\\/it\\\/activities\\\/partnership\\\/vector\\\/\",\"name\":\"Vector - Teoresi Group\",\"isPartOf\":{\"@id\":\"https:\\\/\\\/www.teoresigroup.com\\\/it\\\/#website\"},\"primaryImageOfPage\":{\"@id\":\"https:\\\/\\\/www.teoresigroup.com\\\/it\\\/activities\\\/partnership\\\/vector\\\/#primaryimage\"},\"image\":{\"@id\":\"https:\\\/\\\/www.teoresigroup.com\\\/it\\\/activities\\\/partnership\\\/vector\\\/#primaryimage\"},\"thumbnailUrl\":\"https:\\\/\\\/www.teoresigroup.com\\\/wp-content\\\/uploads\\\/2022\\\/06\\\/hero-st-03b.jpg\",\"datePublished\":\"2020-11-19T15:42:09+00:00\",\"dateModified\":\"2024-05-14T09:44:02+00:00\",\"description\":\"Discover all you need to know about Vector on Teoresi Group - Teoresi Group is high profile engineering. It offers an innovative approach in close synergy with the Research and Development departments of the main industrial players.\",\"breadcrumb\":{\"@id\":\"https:\\\/\\\/www.teoresigroup.com\\\/it\\\/activities\\\/partnership\\\/vector\\\/#breadcrumb\"},\"inLanguage\":\"it-IT\",\"potentialAction\":[{\"@type\":\"ReadAction\",\"target\":[\"https:\\\/\\\/www.teoresigroup.com\\\/it\\\/activities\\\/partnership\\\/vector\\\/\"]}]},{\"@type\":\"ImageObject\",\"inLanguage\":\"it-IT\",\"@id\":\"https:\\\/\\\/www.teoresigroup.com\\\/it\\\/activities\\\/partnership\\\/vector\\\/#primaryimage\",\"url\":\"https:\\\/\\\/www.teoresigroup.com\\\/wp-content\\\/uploads\\\/2022\\\/06\\\/hero-st-03b.jpg\",\"contentUrl\":\"https:\\\/\\\/www.teoresigroup.com\\\/wp-content\\\/uploads\\\/2022\\\/06\\\/hero-st-03b.jpg\",\"width\":1920,\"height\":1041,\"caption\":\"STM32 microcontrollers mounted on a tray, photographed in series with color overlay effect.\"},{\"@type\":\"BreadcrumbList\",\"@id\":\"https:\\\/\\\/www.teoresigroup.com\\\/it\\\/activities\\\/partnership\\\/vector\\\/#breadcrumb\",\"itemListElement\":[{\"@type\":\"ListItem\",\"position\":1,\"name\":\"\",\"item\":\"https:\\\/\\\/www.teoresigroup.com\\\/it\\\/\"},{\"@type\":\"ListItem\",\"position\":2,\"name\":\"Activities\",\"item\":\"https:\\\/\\\/www.teoresigroup.com\\\/it\\\/activities\\\/\"},{\"@type\":\"ListItem\",\"position\":3,\"name\":\"Partnership\",\"item\":\"https:\\\/\\\/www.teoresigroup.com\\\/it\\\/activities\\\/partnership\\\/\"},{\"@type\":\"ListItem\",\"position\":4,\"name\":\"Vector\"}]},{\"@type\":\"WebSite\",\"@id\":\"https:\\\/\\\/www.teoresigroup.com\\\/it\\\/#website\",\"url\":\"https:\\\/\\\/www.teoresigroup.com\\\/it\\\/\",\"name\":\"Teoresi Group\",\"description\":\"Engineering for Human life.\",\"publisher\":{\"@id\":\"https:\\\/\\\/www.teoresigroup.com\\\/it\\\/#organization\"},\"potentialAction\":[{\"@type\":\"SearchAction\",\"target\":{\"@type\":\"EntryPoint\",\"urlTemplate\":\"https:\\\/\\\/www.teoresigroup.com\\\/it\\\/?s={search_term_string}\"},\"query-input\":{\"@type\":\"PropertyValueSpecification\",\"valueRequired\":true,\"valueName\":\"search_term_string\"}}],\"inLanguage\":\"it-IT\"},{\"@type\":\"Organization\",\"@id\":\"https:\\\/\\\/www.teoresigroup.com\\\/it\\\/#organization\",\"name\":\"Teoresi Group\",\"url\":\"https:\\\/\\\/www.teoresigroup.com\\\/it\\\/\",\"logo\":{\"@type\":\"ImageObject\",\"inLanguage\":\"it-IT\",\"@id\":\"https:\\\/\\\/www.teoresigroup.com\\\/it\\\/#\\\/schema\\\/logo\\\/image\\\/\",\"url\":\"https:\\\/\\\/www.teoresigroup.com\\\/wp-content\\\/uploads\\\/2020\\\/12\\\/teoresi-logo-color.svg\",\"contentUrl\":\"https:\\\/\\\/www.teoresigroup.com\\\/wp-content\\\/uploads\\\/2020\\\/12\\\/teoresi-logo-color.svg\",\"width\":1,\"height\":1,\"caption\":\"Teoresi Group\"},\"image\":{\"@id\":\"https:\\\/\\\/www.teoresigroup.com\\\/it\\\/#\\\/schema\\\/logo\\\/image\\\/\"},\"sameAs\":[\"https:\\\/\\\/www.facebook.com\\\/pages\\\/Gruppo-Teoresi\\\/118393464917205\",\"https:\\\/\\\/www.instagram.com\\\/teoresigroup\\\/\",\"https:\\\/\\\/www.linkedin.com\\\/company\\\/teoresigroup\\\/\",\"https:\\\/\\\/www.youtube.com\\\/channel\\\/UCNdBBSSax2EWPmFk5QzYP8Q\"]}]}<\/script>\n<!-- \/ Yoast SEO plugin. -->","yoast_head_json":{"title":"Vector - Teoresi Group","description":"Discover all you need to know about Vector on Teoresi Group - Teoresi Group is high profile engineering. It offers an innovative approach in close synergy with the Research and Development departments of the main industrial players.","robots":{"index":"index","follow":"follow","max-snippet":"max-snippet:-1","max-image-preview":"max-image-preview:large","max-video-preview":"max-video-preview:-1"},"canonical":"https:\/\/www.teoresigroup.com\/it\/activities\/partnership\/vector\/","og_locale":"it_IT","og_type":"article","og_title":"Vector - Teoresi Group","og_description":"Discover all you need to know about Vector on Teoresi Group - Teoresi Group is high profile engineering. It offers an innovative approach in close synergy with the Research and Development departments of the main industrial players.","og_url":"https:\/\/www.teoresigroup.com\/it\/activities\/partnership\/vector\/","og_site_name":"Teoresi Group","article_publisher":"https:\/\/www.facebook.com\/pages\/Gruppo-Teoresi\/118393464917205","article_modified_time":"2024-05-14T09:44:02+00:00","og_image":[{"width":1920,"height":1041,"url":"https:\/\/www.teoresigroup.com\/wp-content\/uploads\/2022\/06\/hero-st-03b.jpg","type":"image\/jpeg"}],"twitter_card":"summary_large_image","twitter_misc":{"Tempo di lettura stimato":"1 minuto"},"schema":{"@context":"https:\/\/schema.org","@graph":[{"@type":"WebPage","@id":"https:\/\/www.teoresigroup.com\/it\/activities\/partnership\/vector\/","url":"https:\/\/www.teoresigroup.com\/it\/activities\/partnership\/vector\/","name":"Vector - Teoresi Group","isPartOf":{"@id":"https:\/\/www.teoresigroup.com\/it\/#website"},"primaryImageOfPage":{"@id":"https:\/\/www.teoresigroup.com\/it\/activities\/partnership\/vector\/#primaryimage"},"image":{"@id":"https:\/\/www.teoresigroup.com\/it\/activities\/partnership\/vector\/#primaryimage"},"thumbnailUrl":"https:\/\/www.teoresigroup.com\/wp-content\/uploads\/2022\/06\/hero-st-03b.jpg","datePublished":"2020-11-19T15:42:09+00:00","dateModified":"2024-05-14T09:44:02+00:00","description":"Discover all you need to know about Vector on Teoresi Group - Teoresi Group is high profile engineering. It offers an innovative approach in close synergy with the Research and Development departments of the main industrial players.","breadcrumb":{"@id":"https:\/\/www.teoresigroup.com\/it\/activities\/partnership\/vector\/#breadcrumb"},"inLanguage":"it-IT","potentialAction":[{"@type":"ReadAction","target":["https:\/\/www.teoresigroup.com\/it\/activities\/partnership\/vector\/"]}]},{"@type":"ImageObject","inLanguage":"it-IT","@id":"https:\/\/www.teoresigroup.com\/it\/activities\/partnership\/vector\/#primaryimage","url":"https:\/\/www.teoresigroup.com\/wp-content\/uploads\/2022\/06\/hero-st-03b.jpg","contentUrl":"https:\/\/www.teoresigroup.com\/wp-content\/uploads\/2022\/06\/hero-st-03b.jpg","width":1920,"height":1041,"caption":"STM32 microcontrollers mounted on a tray, photographed in series with color overlay effect."},{"@type":"BreadcrumbList","@id":"https:\/\/www.teoresigroup.com\/it\/activities\/partnership\/vector\/#breadcrumb","itemListElement":[{"@type":"ListItem","position":1,"name":"","item":"https:\/\/www.teoresigroup.com\/it\/"},{"@type":"ListItem","position":2,"name":"Activities","item":"https:\/\/www.teoresigroup.com\/it\/activities\/"},{"@type":"ListItem","position":3,"name":"Partnership","item":"https:\/\/www.teoresigroup.com\/it\/activities\/partnership\/"},{"@type":"ListItem","position":4,"name":"Vector"}]},{"@type":"WebSite","@id":"https:\/\/www.teoresigroup.com\/it\/#website","url":"https:\/\/www.teoresigroup.com\/it\/","name":"Teoresi Group","description":"Engineering for Human life.","publisher":{"@id":"https:\/\/www.teoresigroup.com\/it\/#organization"},"potentialAction":[{"@type":"SearchAction","target":{"@type":"EntryPoint","urlTemplate":"https:\/\/www.teoresigroup.com\/it\/?s={search_term_string}"},"query-input":{"@type":"PropertyValueSpecification","valueRequired":true,"valueName":"search_term_string"}}],"inLanguage":"it-IT"},{"@type":"Organization","@id":"https:\/\/www.teoresigroup.com\/it\/#organization","name":"Teoresi Group","url":"https:\/\/www.teoresigroup.com\/it\/","logo":{"@type":"ImageObject","inLanguage":"it-IT","@id":"https:\/\/www.teoresigroup.com\/it\/#\/schema\/logo\/image\/","url":"https:\/\/www.teoresigroup.com\/wp-content\/uploads\/2020\/12\/teoresi-logo-color.svg","contentUrl":"https:\/\/www.teoresigroup.com\/wp-content\/uploads\/2020\/12\/teoresi-logo-color.svg","width":1,"height":1,"caption":"Teoresi Group"},"image":{"@id":"https:\/\/www.teoresigroup.com\/it\/#\/schema\/logo\/image\/"},"sameAs":["https:\/\/www.facebook.com\/pages\/Gruppo-Teoresi\/118393464917205","https:\/\/www.instagram.com\/teoresigroup\/","https:\/\/www.linkedin.com\/company\/teoresigroup\/","https:\/\/www.youtube.com\/channel\/UCNdBBSSax2EWPmFk5QzYP8Q"]}]}},"acf":[],"_links":{"self":[{"href":"https:\/\/www.teoresigroup.com\/it\/wp-json\/wp\/v2\/pages\/20163","targetHints":{"allow":["GET"]}}],"collection":[{"href":"https:\/\/www.teoresigroup.com\/it\/wp-json\/wp\/v2\/pages"}],"about":[{"href":"https:\/\/www.teoresigroup.com\/it\/wp-json\/wp\/v2\/types\/page"}],"author":[{"embeddable":true,"href":"https:\/\/www.teoresigroup.com\/it\/wp-json\/wp\/v2\/users\/7"}],"replies":[{"embeddable":true,"href":"https:\/\/www.teoresigroup.com\/it\/wp-json\/wp\/v2\/comments?post=20163"}],"version-history":[{"count":20,"href":"https:\/\/www.teoresigroup.com\/it\/wp-json\/wp\/v2\/pages\/20163\/revisions"}],"predecessor-version":[{"id":36075,"href":"https:\/\/www.teoresigroup.com\/it\/wp-json\/wp\/v2\/pages\/20163\/revisions\/36075"}],"up":[{"embeddable":true,"href":"https:\/\/www.teoresigroup.com\/it\/wp-json\/wp\/v2\/pages\/7621"}],"wp:featuredmedia":[{"embeddable":true,"href":"https:\/\/www.teoresigroup.com\/it\/wp-json\/wp\/v2\/media\/16487"}],"wp:attachment":[{"href":"https:\/\/www.teoresigroup.com\/it\/wp-json\/wp\/v2\/media?parent=20163"}],"curies":[{"name":"wp","href":"https:\/\/api.w.org\/{rel}","templated":true}]}}