{"id":46517,"date":"2024-12-18T12:11:34","date_gmt":"2024-12-18T11:11:34","guid":{"rendered":"https:\/\/www.teoresigroup.com\/?page_id=46517"},"modified":"2025-06-04T17:23:49","modified_gmt":"2025-06-04T15:23:49","slug":"podcasts","status":"publish","type":"page","link":"https:\/\/www.teoresigroup.com\/it\/podcasts\/","title":{"rendered":"Podcast: Inspired Journeys"},"content":{"rendered":"\n\t\n\t\n\t\t<div id=\"block_643217459f0ac79fc5ba0f6fb5819f45\" class=\"hero-image\">\n\t\t\t<div class=\"image-hero-container row expanded isdark\">\n\n\t\t\t\t\t\t\t\t\t<div class=\"top absolute z-10 pin-t pin-l xsmall-pt-4 xsmall-pl-4 small-pt-6 small-pl-6 pt-12 pl-12\">\n\t\t\t\t\t\t<span class=\"toptitle color-white title-line orange\">page<\/span>\n\t\t\t\t\t<\/div>\n\t\t\t\t\n\t\t\t\t<!-- Icona centrale per small -->\n\t\t\t\t<div class=\"hero-icon middle hide-for-medium absolute z-10 pin-l xsmall-pl-4 small-pl-6 pl-12\">\n\t\t\t\t\t\n\t\t\t\t<\/div>\n\n\t\t\t\t<!-- Blocco Icona + Titolo per medium-up -->\n\t\t\t\t<div class=\"bottom show-for-medium z-10 absolute pin-b pin-l xsmall-pb-4 xsmall-pl-4 pb-12 pl-12\">\n\n\t\t\t\t\t\n\t\t\t\t\t\t\t\t\t\t\t<h1 class=\"hero-title title mb-0 dot-after\">Qual \u00e8 la voce di Teoresi Group?<\/h1>\n\t\t\t\t\t\t\t\t\t\t\t\t\t\t\t\t<h2 class=\"subtitle h4 mt-2 color-grey-lighter\">Il nostro primo podcast<\/h2>\n\t\t\t\t\t\n\t\t\t\t<\/div>\n\n\t\t\t\t\n\t\t\t\t\t\n\t\t\t\t\t<!-- Versione senza parallasse -->\n\t\t\t\t\t<div class=\"hero-bg bg-img b-lazy\" data-src = \"https:\/\/www.teoresigroup.com\/wp-content\/uploads\/2025\/06\/hero-new-podcast.jpg\" ><\/div>\n\n\t\t\t\t\n\t\t\t\t<div class=\"hero-filter\"><\/div>\n\n\t\t\t<\/div>\n\t\t<\/div>\n\n\t\t<!-- Titolo fuori Hero per small -->\n\t\t<div class=\"row sezione hide-for-medium\">\n\n\t\t\t<div class=\"column\">\n\t\t\t\t\t\t\t\t\t<h1 class=\"hero-title title mb-0 dot-after\">Qual \u00e8 la voce di Teoresi Group?<\/h1>\n\t\t\t\t\t\t\t\t\t\t\t\t\t<h2 class=\"subtitle h4 mt-2\">Il nostro primo podcast<\/h2>\n\t\t\t\t\t\t\t<\/div>\n\n\t\t<\/div>\n\n\t\n\n\n\n<div class=\"wp-block-columns align-center row sezione\">\n<div class=\"wp-block-column column small-12 medium-10\">\n<p class=\"has-large-font-size\">Le storie hanno il potere di connetterci. Ci fanno riflettere, emozionare e sognare. Con <em>Inspired Journey<\/em>, il nostro primo podcast aziendale, vogliamo celebrare proprio questo potere: unire tecnologia e umanit\u00e0 attraverso voci, suoni ed emozioni autentiche.&nbsp;<\/p>\n<\/div>\n<\/div>\n\n\n\n<p><\/p>\n\n\n\t\t<div id=\"block_9204bff8a30d64de8ade10ca4e93a55d\" class=\"hero-image\">\n\t\t<div class=\"image-hero-container intermezzo row expanded isdark align-middle align-center \">\n\n\t\t\t<div class=\"hero-content column small-12 medium-9 large-7 text-center\">\n\n\t\t\t\t\n\t\t\t\t\n\t\t\t\t\t\t\t\t\t<span class=\"title h1 dot-after\">Inspired Journeys<\/span>\n\t\t\t\t\t<span class=\"block\"><\/span>\n\t\t\t\t\n\t\t\t\t\t\t\t\t\t<span class=\"subtitle h5 fw-300 color-grey-light mt-1\">Il podcast che racconta  l\u2019ispirazione <\/span>\n\t\t\t\t\n\t\t\t\t\n\t\t\t<\/div>\n\n\t\t\t\n\t\t\t<div class=\"hero-bg bg-img b-lazy\" data-src = \"https:\/\/www.teoresigroup.com\/wp-content\/uploads\/2024\/11\/inspiredjourney-back-1920x781.jpg\"  data-paroller-factor=\"0.3\" data-paroller-type=\"background\" data-paroller-direction=\"vertical\" data-paroller-transition=\"transform .1s linear\"><\/div>\n\n\t\t\t<div class=\"hero-filter\"><\/div>\n\n\t\t<\/div>\n\t<\/div>\n\n\n\n\n    <span class=\"block p-4\">&nbsp;<\/span>\n\n\n\n\n<div class=\"wp-block-columns align-center row sezione\">\n<div class=\"wp-block-column column small-12 medium-10\">\n    <div id=\"block_a904d9a86eedcae88f082027914d817b\" class=\"row sezione mt-8 align-center\">\n        <div class=\"column small-12 medium-10 large-8 text-center\">\n                                        <span class=\"title h2 fw-700 mb-2\">Un viaggio oltre l\u2019ordinario <\/span>\n                                <\/div>\n    <\/div>\n\n\n\n\n<p>I viaggi pi\u00f9 memorabili sono quelli che ci spingono a guardare oltre, a sognare in grande, a condividere punti di vista unici. <em>Inspired Journey<\/em> nasce per raccontare queste esplorazioni, attraverso le storie personali e professionali delle persone che fanno parte di Teoresi Group.&nbsp;<\/p>\n\n\n\n<p>In ogni episodio, i nostri colleghi e le nostre colleghe ci portano nel loro mondo, intrecciando le proprie esperienze con quelle di figure iconiche che li ispirano ogni giorno. Scopriremo cos\u00ec legami inaspettati tra personaggi storici e contemporanei, reali o di fantasia, che hanno lasciato un segno nel mondo della scienza, dell\u2019arte e dell\u2019innovazione.&nbsp;<\/p>\n\n\n\n    <div id=\"block_2cf360d1a0e4b924d88f9e2e0553196f\" class=\"row sezione mt-8 align-center\">\n        <div class=\"column small-12 medium-10 large-8 text-center\">\n                                        <span class=\"title h2 fw-700 mb-2\">Storie che ispirano <\/span>\n                                <\/div>\n    <\/div>\n\n\n\n\n<p>Parliamo di menti brillanti come Stephen Hawking, pioniere della cosmologia, o Hedy Lamarr, star di Hollywood e inventrice visionaria. O ancora, della curiosit\u00e0 infinita di Leonardo da Vinci. Ogni episodio rivela quanto siano profondi i legami tra creativit\u00e0, tecnologia e umanit\u00e0.&nbsp;<\/p>\n\n\n\n    <div id=\"block_e47937bb9748dd7d2909d2361abbe508\" class=\"row sezione mt-8 align-center\">\n        <div class=\"column small-12 medium-10 large-8 text-center\">\n                                        <span class=\"title h2 fw-700 mb-2\">Il padrone di casa? Un AI! <\/span>\n                                <\/div>\n    <\/div>\n\n\n\n\n<p>A guidare questo viaggio \u00e8 Aaron, il nostro conduttore AI. Ideato per amplificare le voci di chi lavora in Teoresi Group, Aaron \u00e8 simbolo di quella fusione tra tecnologia e umanit\u00e0 che rappresenta la nostra cultura aziendale. Con lui, ogni storia diventa accessibile, emozionante e connessa al mondo intero.&nbsp;<\/p>\n\n\n    <div id=\"block_b66f53ffba7722344def3e7dfd1a568d\" class=\"row sezione pt-12 align-center\">\n        <div class=\"citazione column small-12 medium-10 large-8 mb-12 fw-700 fs-h4 lh-12 color-grey\">\n                            <p><em><span class=\"TextRun SCXW58860799 BCX0\" data-contrast=\"auto\"><span class=\"NormalTextRun SCXW58860799 BCX0\">Questi sono gli <\/span><span class=\"NormalTextRun SpellingErrorV2Themed SCXW58860799 BCX0\">Inspired<\/span><span class=\"NormalTextRun SCXW58860799 BCX0\"> <\/span><span class=\"NormalTextRun SpellingErrorV2Themed SCXW58860799 BCX0\">Journeys<\/span><span class=\"NormalTextRun SCXW58860799 BCX0\">: le storie raccontate dalla voce delle persone <\/span><span class=\"NormalTextRun SCXW58860799 BCX0\">d<\/span><span class=\"NormalTextRun SCXW58860799 BCX0\">i<\/span><span class=\"NormalTextRun SCXW58860799 BCX0\"> <\/span><span class=\"NormalTextRun SCXW58860799 BCX0\">Teoresi Group. Momenti in cui i nostri colleghi hanno accolto un&#8217;idea, un pensiero positivo, trasformandolo in ispirazione per tutti noi.<\/span><\/span><span class=\"EOP SCXW58860799 BCX0\" data-ccp-props=\"{}\">\u00a0<\/span><\/em><\/p>\n                                        <span class=\"fs-h7 color-grey-dark title-line\">Aaron<\/span>\n                                        <span class=\"fs-h7 fw-400 color-grey-dark\"> &#8211; Conduttore AI del podcast Teoresi<\/span>\n                    <\/div>\n    <\/div>\n\n\n\n    <div id=\"block_594af0850c23cb414110c63af835e605\" class=\"row sezione mt-8 align-center\">\n        <div class=\"column small-12 medium-10 large-8 text-center\">\n                                        <span class=\"title h2 fw-700 mb-2\">Ascolta e lasciati ispirare <\/span>\n                                <\/div>\n    <\/div>\n\n\n\n\n<p>Se cerchi ispirazione, o semplicemente ami le belle storie, <em>Inspired Journey<\/em> \u00e8 il podcast che fa per te.&nbsp;<br><\/p>\n\n\n\n<iframe style=\"border-radius:12px\" src=\"https:\/\/open.spotify.com\/embed\/episode\/2SRwSfzKHHoi6enmGVfyYC?utm_source=generator\" width=\"100%\" height=\"352\" frameBorder=\"0\" allowfullscreen=\"\" allow=\"autoplay; clipboard-write; encrypted-media; fullscreen; picture-in-picture\" loading=\"lazy\"><\/iframe>\n\n\n    <span class=\"block p-4\">&nbsp;<\/span>\n\n\n\n\n<p>Ascolta gli episodi della prima stagione (la seconda \u00e8 in arrivo!) sulle tue piattaforme audio preferite.<\/p>\n\n\n\n<div class=\"wp-block-columns row sezione\">\n<div class=\"wp-block-column is-vertically-aligned-center column small-12 medium-6 large-3\" style=\"flex-basis:800px\"><a href=\"https:\/\/open.spotify.com\/show\/13AIUAlYfkRU52aTBtNaco?si=a741ee82ba2f4f28&#038;nd=1&#038;dlsi=e155e54886194faa\" target=\"_blank\" rel=\"nofollow noopener\"><figure class=\"wp-block-figure center \" style=\"\" data-url=\"https:\/\/www.teoresigroup.com\/wp-content\/uploads\/2024\/11\/spotify-light-1.svg\" data-size=\"0x0\" ><img decoding=\"async\" class=\"b-lazy wp-block-image \" style=\"\" src=\"https:\/\/www.teoresigroup.com\/wp-content\/uploads\/2024\/09\/teoresi-favicon2024.png\" itemprop=\"thumbnail\" data-src=\"https:\/\/www.teoresigroup.com\/wp-content\/uploads\/2024\/11\/spotify-light-1.svg\" alt=\"spotify-light\" width=\"100%\" height=\"100%\" \/><figcaption class=\"image-caption block\"><\/figcaption><\/figure><\/a><\/div>\n\n\n\n<div class=\"wp-block-column is-vertically-aligned-center column small-12 medium-6 large-3\" style=\"flex-basis:800px\"><a href=\"https:\/\/www.spreaker.com\/podcast\/inspired-journeys--6421005\" target=\"_blank\" rel=\"nofollow noopener\"><figure class=\"wp-block-figure center \" style=\"\" data-url=\"https:\/\/www.teoresigroup.com\/wp-content\/uploads\/2024\/11\/spreaker-light-1.svg\" data-size=\"0x0\" ><img decoding=\"async\" class=\"b-lazy wp-block-image \" style=\"\" src=\"https:\/\/www.teoresigroup.com\/wp-content\/uploads\/2024\/09\/teoresi-favicon2024.png\" itemprop=\"thumbnail\" data-src=\"https:\/\/www.teoresigroup.com\/wp-content\/uploads\/2024\/11\/spreaker-light-1.svg\" alt=\"spreaker-light\" width=\"100%\" height=\"100%\" \/><figcaption class=\"image-caption block\"><\/figcaption><\/figure><\/a><\/div>\n<\/div>\n\n\n\n<div class=\"wp-block-columns row sezione\">\n<div class=\"wp-block-column column small-12 medium-4\"><a href=\"https:\/\/podcasts.apple.com\/us\/podcast\/inspired-journeys\/id1782357958\" target=\"_blank\" rel=\"nofollow noopener\"><figure class=\"wp-block-figure center \" style=\"\" data-url=\"https:\/\/www.teoresigroup.com\/wp-content\/uploads\/2024\/11\/apple-light.svg\" data-size=\"0x0\" ><img decoding=\"async\" class=\"b-lazy wp-block-image \" style=\"\" src=\"https:\/\/www.teoresigroup.com\/wp-content\/uploads\/2024\/09\/teoresi-favicon2024.png\" itemprop=\"thumbnail\" data-src=\"https:\/\/www.teoresigroup.com\/wp-content\/uploads\/2024\/11\/apple-light.svg\" alt=\"apple-light\" width=\"100%\" height=\"100%\" \/><figcaption class=\"image-caption block\"><\/figcaption><\/figure><\/a><\/div>\n\n\n\n<div class=\"wp-block-column is-vertically-aligned-center column small-12 medium-4 displaynone\" style=\"flex-basis:270px\"><div class=\"wp-block-image wp-block-image aligncenter\"><a href=\"https:\/\/youtube.com\/playlist?list=PLqL6lMoYV0uVDP1achUEmNM91RphGKTGM&#038;si=JkXSLTwDZ_lzXg5p\" target=\"_blank\" rel=\"nofollow noopener\"><figure class=\"wp-block-figure center\" style=\"\" data-url=\"https:\/\/www.teoresigroup.com\/wp-content\/uploads\/2024\/12\/youtube-light-1.svg\" data-size=\"0x0\" ><img decoding=\"async\" class=\"b-lazy wp-block-image \" style=\"\" src=\"https:\/\/www.teoresigroup.com\/wp-content\/uploads\/2024\/09\/teoresi-favicon2024.png\" itemprop=\"thumbnail\" data-src=\"https:\/\/www.teoresigroup.com\/wp-content\/uploads\/2024\/12\/youtube-light-1.svg\" alt=\"youtube-light\" width=\"100%\" height=\"100%\" \/><figcaption class=\"image-caption block\"><\/figcaption><\/figure><\/a><\/div><\/div>\n\n\n\n<div class=\"wp-block-column column small-12 medium-4\"><a href=\"https:\/\/music.amazon.it\/podcasts\/57ef9170-4382-4a24-898e-db93c3348ea0\/inspired-journeys\" target=\"_blank\" rel=\"nofollow noopener\"><figure class=\"wp-block-figure center \" style=\"\" data-url=\"https:\/\/www.teoresigroup.com\/wp-content\/uploads\/2024\/11\/amazonmusic-light.svg\" data-size=\"0x0\" ><img decoding=\"async\" class=\"b-lazy wp-block-image \" style=\"\" src=\"https:\/\/www.teoresigroup.com\/wp-content\/uploads\/2024\/09\/teoresi-favicon2024.png\" itemprop=\"thumbnail\" data-src=\"https:\/\/www.teoresigroup.com\/wp-content\/uploads\/2024\/11\/amazonmusic-light.svg\" alt=\"amazonmusic-light\" width=\"100%\" height=\"100%\" \/><figcaption class=\"image-caption block\"><\/figcaption><\/figure><\/a><\/div>\n<\/div>\n<\/div>\n<\/div>\n\n\n\n<p><\/p>\n","protected":false},"excerpt":{"rendered":"<p class=\"excerpt\">Le storie hanno il potere di connetterci. Ci fanno riflettere, emozionare e sognare. Con Inspired Journey, il nostro primo podcast aziendale, vogliamo celebrare proprio questo potere: unire tecnologia e umanit\u00e0 attraverso voci, suoni ed emozioni autentiche.&nbsp; I viaggi pi\u00f9 memorabili sono quelli che ci spingono a guardare oltre, a sognare in grande, a condividere punti di vista unici. Inspired Journey&#8230;<\/p>\n","protected":false},"author":7,"featured_media":0,"parent":0,"menu_order":0,"comment_status":"closed","ping_status":"closed","template":"","meta":{"_acf_changed":false,"footnotes":""},"class_list":["post-46517","page","type-page","status-publish","hentry"],"yoast_head":"<!-- This site is optimized with the Yoast SEO plugin v27.3 - https:\/\/yoast.com\/product\/yoast-seo-wordpress\/ -->\n<title>Podcast: Inspired Journeys - Teoresi Group<\/title>\n<meta name=\"description\" content=\"Discover all you need to know about Podcast: Inspired Journeys on Teoresi Group - Teoresi Group is high profile engineering. It offers an innovative approach in close synergy with the Research and Development departments of the main industrial players.\" \/>\n<meta name=\"robots\" content=\"index, follow, max-snippet:-1, max-image-preview:large, max-video-preview:-1\" \/>\n<link rel=\"canonical\" href=\"https:\/\/www.teoresigroup.com\/it\/podcasts\/\" \/>\n<meta property=\"og:locale\" content=\"it_IT\" \/>\n<meta property=\"og:type\" content=\"article\" \/>\n<meta property=\"og:title\" content=\"Podcast: Inspired Journeys - Teoresi Group\" \/>\n<meta property=\"og:description\" content=\"Discover all you need to know about Podcast: Inspired Journeys on Teoresi Group - Teoresi Group is high profile engineering. It offers an innovative approach in close synergy with the Research and Development departments of the main industrial players.\" \/>\n<meta property=\"og:url\" content=\"https:\/\/www.teoresigroup.com\/it\/podcasts\/\" \/>\n<meta property=\"og:site_name\" content=\"Teoresi Group\" \/>\n<meta property=\"article:publisher\" content=\"https:\/\/www.facebook.com\/pages\/Gruppo-Teoresi\/118393464917205\" \/>\n<meta property=\"article:modified_time\" content=\"2025-06-04T15:23:49+00:00\" \/>\n<meta property=\"og:image\" content=\"https:\/\/www.teoresigroup.com\/wp-content\/uploads\/2024\/11\/spotify-light-1.svg\" \/>\n<meta name=\"twitter:card\" content=\"summary_large_image\" \/>\n<meta name=\"twitter:label1\" content=\"Tempo di lettura stimato\" \/>\n\t<meta name=\"twitter:data1\" content=\"3 minuti\" \/>\n<script type=\"application\/ld+json\" class=\"yoast-schema-graph\">{\"@context\":\"https:\\\/\\\/schema.org\",\"@graph\":[{\"@type\":\"WebPage\",\"@id\":\"https:\\\/\\\/www.teoresigroup.com\\\/it\\\/podcasts\\\/\",\"url\":\"https:\\\/\\\/www.teoresigroup.com\\\/it\\\/podcasts\\\/\",\"name\":\"Podcast: Inspired Journeys - Teoresi Group\",\"isPartOf\":{\"@id\":\"https:\\\/\\\/www.teoresigroup.com\\\/it\\\/#website\"},\"primaryImageOfPage\":{\"@id\":\"https:\\\/\\\/www.teoresigroup.com\\\/it\\\/podcasts\\\/#primaryimage\"},\"image\":{\"@id\":\"https:\\\/\\\/www.teoresigroup.com\\\/it\\\/podcasts\\\/#primaryimage\"},\"thumbnailUrl\":\"https:\\\/\\\/www.teoresigroup.com\\\/wp-content\\\/uploads\\\/2024\\\/11\\\/spotify-light-1.svg\",\"datePublished\":\"2024-12-18T11:11:34+00:00\",\"dateModified\":\"2025-06-04T15:23:49+00:00\",\"description\":\"Discover all you need to know about Podcast: Inspired Journeys on Teoresi Group - Teoresi Group is high profile engineering. It offers an innovative approach in close synergy with the Research and Development departments of the main industrial players.\",\"breadcrumb\":{\"@id\":\"https:\\\/\\\/www.teoresigroup.com\\\/it\\\/podcasts\\\/#breadcrumb\"},\"inLanguage\":\"it-IT\",\"potentialAction\":[{\"@type\":\"ReadAction\",\"target\":[\"https:\\\/\\\/www.teoresigroup.com\\\/it\\\/podcasts\\\/\"]}]},{\"@type\":\"ImageObject\",\"inLanguage\":\"it-IT\",\"@id\":\"https:\\\/\\\/www.teoresigroup.com\\\/it\\\/podcasts\\\/#primaryimage\",\"url\":\"https:\\\/\\\/www.teoresigroup.com\\\/wp-content\\\/uploads\\\/2024\\\/11\\\/spotify-light-1.svg\",\"contentUrl\":\"https:\\\/\\\/www.teoresigroup.com\\\/wp-content\\\/uploads\\\/2024\\\/11\\\/spotify-light-1.svg\"},{\"@type\":\"BreadcrumbList\",\"@id\":\"https:\\\/\\\/www.teoresigroup.com\\\/it\\\/podcasts\\\/#breadcrumb\",\"itemListElement\":[{\"@type\":\"ListItem\",\"position\":1,\"name\":\"\",\"item\":\"https:\\\/\\\/www.teoresigroup.com\\\/it\\\/\"},{\"@type\":\"ListItem\",\"position\":2,\"name\":\"Podcast: Inspired Journeys\"}]},{\"@type\":\"WebSite\",\"@id\":\"https:\\\/\\\/www.teoresigroup.com\\\/it\\\/#website\",\"url\":\"https:\\\/\\\/www.teoresigroup.com\\\/it\\\/\",\"name\":\"Teoresi Group\",\"description\":\"Engineering for Human life.\",\"publisher\":{\"@id\":\"https:\\\/\\\/www.teoresigroup.com\\\/it\\\/#organization\"},\"potentialAction\":[{\"@type\":\"SearchAction\",\"target\":{\"@type\":\"EntryPoint\",\"urlTemplate\":\"https:\\\/\\\/www.teoresigroup.com\\\/it\\\/?s={search_term_string}\"},\"query-input\":{\"@type\":\"PropertyValueSpecification\",\"valueRequired\":true,\"valueName\":\"search_term_string\"}}],\"inLanguage\":\"it-IT\"},{\"@type\":\"Organization\",\"@id\":\"https:\\\/\\\/www.teoresigroup.com\\\/it\\\/#organization\",\"name\":\"Teoresi Group\",\"url\":\"https:\\\/\\\/www.teoresigroup.com\\\/it\\\/\",\"logo\":{\"@type\":\"ImageObject\",\"inLanguage\":\"it-IT\",\"@id\":\"https:\\\/\\\/www.teoresigroup.com\\\/it\\\/#\\\/schema\\\/logo\\\/image\\\/\",\"url\":\"https:\\\/\\\/www.teoresigroup.com\\\/wp-content\\\/uploads\\\/2020\\\/12\\\/teoresi-logo-color.svg\",\"contentUrl\":\"https:\\\/\\\/www.teoresigroup.com\\\/wp-content\\\/uploads\\\/2020\\\/12\\\/teoresi-logo-color.svg\",\"width\":1,\"height\":1,\"caption\":\"Teoresi Group\"},\"image\":{\"@id\":\"https:\\\/\\\/www.teoresigroup.com\\\/it\\\/#\\\/schema\\\/logo\\\/image\\\/\"},\"sameAs\":[\"https:\\\/\\\/www.facebook.com\\\/pages\\\/Gruppo-Teoresi\\\/118393464917205\",\"https:\\\/\\\/www.instagram.com\\\/teoresigroup\\\/\",\"https:\\\/\\\/www.linkedin.com\\\/company\\\/teoresigroup\\\/\",\"https:\\\/\\\/www.youtube.com\\\/channel\\\/UCNdBBSSax2EWPmFk5QzYP8Q\"]}]}<\/script>\n<!-- \/ Yoast SEO plugin. -->","yoast_head_json":{"title":"Podcast: Inspired Journeys - Teoresi Group","description":"Discover all you need to know about Podcast: Inspired Journeys on Teoresi Group - Teoresi Group is high profile engineering. It offers an innovative approach in close synergy with the Research and Development departments of the main industrial players.","robots":{"index":"index","follow":"follow","max-snippet":"max-snippet:-1","max-image-preview":"max-image-preview:large","max-video-preview":"max-video-preview:-1"},"canonical":"https:\/\/www.teoresigroup.com\/it\/podcasts\/","og_locale":"it_IT","og_type":"article","og_title":"Podcast: Inspired Journeys - Teoresi Group","og_description":"Discover all you need to know about Podcast: Inspired Journeys on Teoresi Group - Teoresi Group is high profile engineering. It offers an innovative approach in close synergy with the Research and Development departments of the main industrial players.","og_url":"https:\/\/www.teoresigroup.com\/it\/podcasts\/","og_site_name":"Teoresi Group","article_publisher":"https:\/\/www.facebook.com\/pages\/Gruppo-Teoresi\/118393464917205","article_modified_time":"2025-06-04T15:23:49+00:00","og_image":[{"url":"https:\/\/www.teoresigroup.com\/wp-content\/uploads\/2024\/11\/spotify-light-1.svg","type":"","width":"","height":""}],"twitter_card":"summary_large_image","twitter_misc":{"Tempo di lettura stimato":"3 minuti"},"schema":{"@context":"https:\/\/schema.org","@graph":[{"@type":"WebPage","@id":"https:\/\/www.teoresigroup.com\/it\/podcasts\/","url":"https:\/\/www.teoresigroup.com\/it\/podcasts\/","name":"Podcast: Inspired Journeys - Teoresi Group","isPartOf":{"@id":"https:\/\/www.teoresigroup.com\/it\/#website"},"primaryImageOfPage":{"@id":"https:\/\/www.teoresigroup.com\/it\/podcasts\/#primaryimage"},"image":{"@id":"https:\/\/www.teoresigroup.com\/it\/podcasts\/#primaryimage"},"thumbnailUrl":"https:\/\/www.teoresigroup.com\/wp-content\/uploads\/2024\/11\/spotify-light-1.svg","datePublished":"2024-12-18T11:11:34+00:00","dateModified":"2025-06-04T15:23:49+00:00","description":"Discover all you need to know about Podcast: Inspired Journeys on Teoresi Group - Teoresi Group is high profile engineering. It offers an innovative approach in close synergy with the Research and Development departments of the main industrial players.","breadcrumb":{"@id":"https:\/\/www.teoresigroup.com\/it\/podcasts\/#breadcrumb"},"inLanguage":"it-IT","potentialAction":[{"@type":"ReadAction","target":["https:\/\/www.teoresigroup.com\/it\/podcasts\/"]}]},{"@type":"ImageObject","inLanguage":"it-IT","@id":"https:\/\/www.teoresigroup.com\/it\/podcasts\/#primaryimage","url":"https:\/\/www.teoresigroup.com\/wp-content\/uploads\/2024\/11\/spotify-light-1.svg","contentUrl":"https:\/\/www.teoresigroup.com\/wp-content\/uploads\/2024\/11\/spotify-light-1.svg"},{"@type":"BreadcrumbList","@id":"https:\/\/www.teoresigroup.com\/it\/podcasts\/#breadcrumb","itemListElement":[{"@type":"ListItem","position":1,"name":"","item":"https:\/\/www.teoresigroup.com\/it\/"},{"@type":"ListItem","position":2,"name":"Podcast: Inspired Journeys"}]},{"@type":"WebSite","@id":"https:\/\/www.teoresigroup.com\/it\/#website","url":"https:\/\/www.teoresigroup.com\/it\/","name":"Teoresi Group","description":"Engineering for Human life.","publisher":{"@id":"https:\/\/www.teoresigroup.com\/it\/#organization"},"potentialAction":[{"@type":"SearchAction","target":{"@type":"EntryPoint","urlTemplate":"https:\/\/www.teoresigroup.com\/it\/?s={search_term_string}"},"query-input":{"@type":"PropertyValueSpecification","valueRequired":true,"valueName":"search_term_string"}}],"inLanguage":"it-IT"},{"@type":"Organization","@id":"https:\/\/www.teoresigroup.com\/it\/#organization","name":"Teoresi Group","url":"https:\/\/www.teoresigroup.com\/it\/","logo":{"@type":"ImageObject","inLanguage":"it-IT","@id":"https:\/\/www.teoresigroup.com\/it\/#\/schema\/logo\/image\/","url":"https:\/\/www.teoresigroup.com\/wp-content\/uploads\/2020\/12\/teoresi-logo-color.svg","contentUrl":"https:\/\/www.teoresigroup.com\/wp-content\/uploads\/2020\/12\/teoresi-logo-color.svg","width":1,"height":1,"caption":"Teoresi Group"},"image":{"@id":"https:\/\/www.teoresigroup.com\/it\/#\/schema\/logo\/image\/"},"sameAs":["https:\/\/www.facebook.com\/pages\/Gruppo-Teoresi\/118393464917205","https:\/\/www.instagram.com\/teoresigroup\/","https:\/\/www.linkedin.com\/company\/teoresigroup\/","https:\/\/www.youtube.com\/channel\/UCNdBBSSax2EWPmFk5QzYP8Q"]}]}},"acf":[],"_links":{"self":[{"href":"https:\/\/www.teoresigroup.com\/it\/wp-json\/wp\/v2\/pages\/46517","targetHints":{"allow":["GET"]}}],"collection":[{"href":"https:\/\/www.teoresigroup.com\/it\/wp-json\/wp\/v2\/pages"}],"about":[{"href":"https:\/\/www.teoresigroup.com\/it\/wp-json\/wp\/v2\/types\/page"}],"author":[{"embeddable":true,"href":"https:\/\/www.teoresigroup.com\/it\/wp-json\/wp\/v2\/users\/7"}],"replies":[{"embeddable":true,"href":"https:\/\/www.teoresigroup.com\/it\/wp-json\/wp\/v2\/comments?post=46517"}],"version-history":[{"count":30,"href":"https:\/\/www.teoresigroup.com\/it\/wp-json\/wp\/v2\/pages\/46517\/revisions"}],"predecessor-version":[{"id":57025,"href":"https:\/\/www.teoresigroup.com\/it\/wp-json\/wp\/v2\/pages\/46517\/revisions\/57025"}],"wp:attachment":[{"href":"https:\/\/www.teoresigroup.com\/it\/wp-json\/wp\/v2\/media?parent=46517"}],"curies":[{"name":"wp","href":"https:\/\/api.w.org\/{rel}","templated":true}]}}