{"id":49699,"date":"2025-01-30T17:07:03","date_gmt":"2025-01-30T16:07:03","guid":{"rendered":"https:\/\/www.teoresigroup.com\/webinars\/"},"modified":"2025-03-11T12:33:23","modified_gmt":"2025-03-11T11:33:23","slug":"webinars","status":"publish","type":"page","link":"https:\/\/www.teoresigroup.com\/it\/connect\/webinars\/","title":{"rendered":"Webinars"},"content":{"rendered":"\n\t\n\t\n\t\t<div id=\"block_3bd8c9431922541594c7fc2fd801ede1\" class=\"hero-image\">\n\t\t\t<div class=\"image-hero-container row expanded isdark\">\n\n\t\t\t\t\t\t\t\t\t<div class=\"top absolute z-10 pin-t pin-l xsmall-pt-4 xsmall-pl-4 small-pt-6 small-pl-6 pt-12 pl-12\">\n\t\t\t\t\t\t<span class=\"toptitle color-white title-line orange\">page<\/span>\n\t\t\t\t\t<\/div>\n\t\t\t\t\n\t\t\t\t<!-- Icona centrale per small -->\n\t\t\t\t<div class=\"hero-icon middle hide-for-medium absolute z-10 pin-l xsmall-pl-4 small-pl-6 pl-12\">\n\t\t\t\t\t\n\t\t\t\t<\/div>\n\n\t\t\t\t<!-- Blocco Icona + Titolo per medium-up -->\n\t\t\t\t<div class=\"bottom show-for-medium z-10 absolute pin-b pin-l xsmall-pb-4 xsmall-pl-4 pb-12 pl-12\">\n\n\t\t\t\t\t\n\t\t\t\t\t\t\t\t\t\t\t<h1 class=\"hero-title title mb-0 dot-after\"> Webinar Teoresi<\/h1>\n\t\t\t\t\t\t\t\t\t\t\t\t\t\t\t\t<h2 class=\"subtitle h4 mt-2 color-grey-lighter\">Scopri, Impara, Cresci<\/h2>\n\t\t\t\t\t\n\t\t\t\t<\/div>\n\n\t\t\t\t\n\t\t\t\t\t\n\t\t\t\t\t<!-- Versione senza parallasse -->\n\t\t\t\t\t<div class=\"hero-bg bg-img b-lazy\" data-src = \"https:\/\/www.teoresigroup.com\/wp-content\/uploads\/2025\/02\/webinars-hero-1920x792.jpg\" ><\/div>\n\n\t\t\t\t\n\t\t\t\t<div class=\"hero-filter\"><\/div>\n\n\t\t\t<\/div>\n\t\t<\/div>\n\n\t\t<!-- Titolo fuori Hero per small -->\n\t\t<div class=\"row sezione hide-for-medium\">\n\n\t\t\t<div class=\"column\">\n\t\t\t\t\t\t\t\t\t<h1 class=\"hero-title title mb-0 dot-after\"> Webinar Teoresi<\/h1>\n\t\t\t\t\t\t\t\t\t\t\t\t\t<h2 class=\"subtitle h4 mt-2\">Scopri, Impara, Cresci<\/h2>\n\t\t\t\t\t\t\t<\/div>\n\n\t\t<\/div>\n\n\t\n\n\n\n    \n    <div id=\"block_33a542d24b0302b24d6b0fb85313e7c1\" class=\"breadcrumbs row sezione\">\n        <div class=\"column small-12 fs-xsmall\">\n            <span><span><a href=\"https:\/\/www.teoresigroup.com\/it\/\"><span class=\"tg-homepage-icon\"><\/span><\/a><\/span><\/span>        <\/div>\n    <\/div>\n\n\n\n\n<div class=\"wp-block-columns align-center row sezione\">\n<div class=\"wp-block-column column small-12 medium-10\">\n<p class=\"wp-block-studio42-paragraph-lead lead text-none\">Grazie ai nostri webinar dedicati all\u2019approfondimento di \u00a0tecnologie all\u2019avanguardia, condividiamo la nostra competenza\u00a0e dialoghiamo con un pubblico dinamico, interessato a scoprire le ultime innovazioni. Attraverso\u00a0sessioni approfondite guidate da esperti del settore, offriamo spunti preziosi su tendenze emergenti, applicazioni pratiche e prospettive future..<\/p>\n<\/div>\n<\/div>\n\n\n\n<div class=\"wp-block-columns row sezione\">\n<div class=\"wp-block-column column small-12\">\n    <div id=\"block_1d4d28e7a7c0dc0baf9a253fcd5932b7\" class=\"_block-titoli-sezione-h1 row sezione expanded bg-linear-01 isdark \">\n        <div class=\"row unexpanded\">\n            <div class=\"column small-12 medium-6\">\n\n                                    <span class=\"toptitle block fs-small\">Webinars<\/span>\n                                                    <h1 class=\"title mb-0 dot-after\">\n                        Teoresi Nexus                    <\/h1>\n                                    \n            <\/div>\n        <\/div>\n    <\/div>\n\n\n\n\n<p><strong>Teoresi Nexus: dove innovazione e opportunit\u00e0 si incontrano.<\/strong><br>Questo ciclo di webinar \u00e8 stato pensato per offrire uno sguardo sulle tecnologie con cui lavoriamo e per esplorare le opportunit\u00e0 disponibili all\u2019interno della nostra organizzazione.<\/p>\n\n\n\n<div class=\"wp-block-columns row sezione\">\n<div class=\"wp-block-column column small-12 medium-6\">\n\t\n\t\n<div class=\"card mb-8\">\n\n\t<div class=\"figure-container relative small-ratio-19 responsive-embed\">\n\t\t<iframe title=\"Teoresi Nexus webinar - Exploring the future of medtech | Recording\" src=\"https:\/\/player.vimeo.com\/video\/960405569?dnt=1&amp;app_id=122963\" width=\"640\" height=\"360\" frameborder=\"0\" allow=\"autoplay; fullscreen; picture-in-picture; clipboard-write; encrypted-media; web-share\" referrerpolicy=\"strict-origin-when-cross-origin\"><\/iframe>\t<\/div>\n\n\t<div class=\"_card-info bg-white pt-6 pl-3 pr-3 flex flex-direction-column\" style=\"justify-content: space-between; gap:.5rem;\">\n\n\t\t<div class=\"_top pb-4\">\n\t\t\t<h3 class=\"title h5 mb-3\">\n\t\t\t\tEpisodio 01 | Esplorando il futuro del MedTech\t\t\t<\/h3>\n\n\t\t\t\t\t\t\t<div class=\"abstract mb-3\">\n\t\t\t\t\tQuesto webinar offre una panoramica chiara e coinvolgente sulle attivit\u00e0 di Teoresi nel settore MedTech, rappresentando un\u2019opportunit\u00e0 unica per esplorare le tecnologie innovative su cui lavoriamo, le competenze pi\u00f9 richieste e la nascita di Teoresi MedTech, societ\u00e0 del Gruppo Teoresi dedicata alle Scienze della Vita. Scopri il nostro impegno nell&#8217;innovazione e le opportunit\u00e0 di lavoro disponibili presso Teoresi Group.\t\t\t\t<\/div>\n\t\t\t\n\t\t\t\t\t<\/div>\n\n\t<\/div>\n\n<\/div>\n\n<\/div>\n\n\n\n<div class=\"wp-block-column column small-12 medium-6\">\n\t\n\t\n<div class=\"card mb-8\">\n\n\t<div class=\"figure-container relative small-ratio-19 responsive-embed\">\n\t\t<iframe title=\"Teoresi Nexus webinar - Working with digital technology in smart mobiltiy | Recording\" src=\"https:\/\/player.vimeo.com\/video\/985604579?dnt=1&amp;app_id=122963\" width=\"640\" height=\"360\" frameborder=\"0\" allow=\"autoplay; fullscreen; picture-in-picture; clipboard-write; encrypted-media; web-share\" referrerpolicy=\"strict-origin-when-cross-origin\"><\/iframe>\t<\/div>\n\n\t<div class=\"_card-info bg-white pt-6 pl-3 pr-3 flex flex-direction-column\" style=\"justify-content: space-between; gap:.5rem;\">\n\n\t\t<div class=\"_top pb-4\">\n\t\t\t<h3 class=\"title h5 mb-3\">\n\t\t\t\tEpisodio 02 | Lavorare con le tecnologie digitali nella smart mobility\t\t\t<\/h3>\n\n\t\t\t\t\t\t\t<div class=\"abstract mb-3\">\n\t\t\t\t\tQuesto webinar offre una panoramica sull\u2019applicazione delle tecnologie digitali nel contensto della Smart Mobility in Teoresi attraverso l\u2019esperienza di uno dei nostri business manager di Teoresi US e insieme alle testimonianze di alcuni dei nostri colleghi impegnati in progetti di guida autonoma ed elettrificazione. Scoprirai, inoltre, le competenze pi\u00f9 richieste e le opportunit\u00e0 disponibili negli Stati Uniti in questo settore.\t\t\t\t<\/div>\n\t\t\t\n\t\t\t\t\t<\/div>\n\n\t<\/div>\n\n<\/div>\n\n<\/div>\n<\/div>\n<\/div>\n<\/div>\n\n\n\n<div class=\"wp-block-columns row sezione\">\n<div class=\"wp-block-column column small-12\">\n    <div id=\"block_49045a4bbc9a9543b055b4c860489ce9\" class=\"_block-titoli-sezione-h1 row sezione expanded bg-linear-01 isdark \">\n        <div class=\"row unexpanded\">\n            <div class=\"column small-12 medium-6\">\n\n                                    <span class=\"toptitle block fs-small\">Insights<\/span>\n                                                    <h1 class=\"title mb-0 dot-after\">\n                        TeoTalk                    <\/h1>\n                                    \n            <\/div>\n        <\/div>\n    <\/div>\n\n\n\n\n<p><strong>Teo Talk<\/strong> \u00e8 il format YouTube di Teoresi che esplora le tecnologie pi\u00f9 innovative attraverso brevi speech tenuti dai nostri esperti. Dalla <strong>cybersicurezza automotive<\/strong> alla <strong>blockchain<\/strong>, dall\u2019<strong>intelligenza artificiale<\/strong> fino alla <strong>mobilit\u00e0 autonoma<\/strong>, ogni episodio offre uno sguardo sulle sfide tecnologiche, le competenze richieste e le prospettive future, creando un punto di incontro tra esperti del settore e appassionati di innovazione.<\/p>\n\n\n\n<div class=\"wp-block-columns row sezione\">\n<div class=\"wp-block-column column small-12 medium-6\">\n\t\n\t\n<div class=\"card mb-8\">\n\n\t<div class=\"figure-container relative small-ratio-19 responsive-embed\">\n\t\t<iframe title=\"Ecosistemi disintermediati, trasparenti e sicuri: la sinergia tra blockchain e altre tecnologie\" width=\"640\" height=\"360\" src=\"https:\/\/www.youtube.com\/embed\/Ow446ZA0ao8?feature=oembed\" frameborder=\"0\" allow=\"accelerometer; autoplay; clipboard-write; encrypted-media; gyroscope; picture-in-picture; web-share\" referrerpolicy=\"strict-origin-when-cross-origin\" allowfullscreen><\/iframe>\t<\/div>\n\n\t<div class=\"_card-info bg-white pt-6 pl-3 pr-3 flex flex-direction-column\" style=\"justify-content: space-between; gap:.5rem;\">\n\n\t\t<div class=\"_top pb-4\">\n\t\t\t<h3 class=\"title h5 mb-3\">\n\t\t\t\tEcosistemi disintermediati, trasparenti e sicuri: la sinergia tra blockchain e altre tecnologie\t\t\t<\/h3>\n\n\t\t\t\t\t\t\t<div class=\"abstract mb-3\">\n\t\t\t\t\tL&#8217;episodio presenta le caratteristiche distintive della blockchain, con un focus sugli aspetti che lo rendono uno strumento prezioso per il rispetto e la tutela dei diritti digitali di cittadini, consumatori e lavoratori. Non si tratta solo di una nuova tecnologia, ma di un vero e proprio cambio di paradigma, che rivoluziona processi organizzativi e applicativi, ampliando ulteriormente il suo valore grazie all\u2019integrazione con altre tecnologie. Conosceremo i vantaggi derivanti dall\u2019applicazione degli smart contract, con particolare attenzione al settore automotive, e rifletteremo sulle dinamiche che permettono agli utenti digitali di riappropriarsi dei propri dati personali.\t\t\t\t<\/div>\n\t\t\t\n\t\t\t\t\t<\/div>\n\n\t<\/div>\n\n<\/div>\n\n<\/div>\n\n\n\n<div class=\"wp-block-column column small-12 medium-6\">\n\t\n\t\n<div class=\"card mb-8\">\n\n\t<div class=\"figure-container relative small-ratio-19 responsive-embed\">\n\t\t<iframe title=\"La gestione della cybersecurity per i veicoli diventa un regolamento omologativo delle Nazioni Unite\" width=\"640\" height=\"360\" src=\"https:\/\/www.youtube.com\/embed\/gizF37G9jY8?feature=oembed\" frameborder=\"0\" allow=\"accelerometer; autoplay; clipboard-write; encrypted-media; gyroscope; picture-in-picture; web-share\" referrerpolicy=\"strict-origin-when-cross-origin\" allowfullscreen><\/iframe>\t<\/div>\n\n\t<div class=\"_card-info bg-white pt-6 pl-3 pr-3 flex flex-direction-column\" style=\"justify-content: space-between; gap:.5rem;\">\n\n\t\t<div class=\"_top pb-4\">\n\t\t\t<h3 class=\"title h5 mb-3\">\n\t\t\t\tLa gestione della cybersecurity per i veicoli diventa uno standard normativo delle Nazioni Unite\t\t\t<\/h3>\n\n\t\t\t\t\t\t\t<div class=\"abstract mb-3\">\n\t\t\t\t\tGianluca Cerio in questo intervento affronta il tema della cybersecurity nel settore automotive, con un focus sulle nuove misure introdotte dalle recenti normative delle Nazioni Unite e sui requisiti di prestazione e controllo a cui i costruttori di veicoli devono conformarsi. La digitalizzazione dei sistemi di bordo sta infatti trasformando profondamente il settore automobilistico. L\u2019uso crescente del software per migliorare l\u2019automazione e la mobilit\u00e0 condivisa, unito alla necessit\u00e0 di connettivit\u00e0, introduce inevitabilmente rischi di cybersecurity che possono compromettere la funzionalit\u00e0, la privacy e persino la sicurezza dei veicoli. Le Nazioni Unite hanno emanato due nuove normative e uno standard specifico in materia, che impongono l\u2019adozione di una serie di misure, illustrate nel corso dell\u2019intervento, oltre ai requisiti di prestazione e controllo che i produttori di veicoli devono rispettare.\t\t\t\t<\/div>\n\t\t\t\n\t\t\t\t\t<\/div>\n\n\t<\/div>\n\n<\/div>\n\n<\/div>\n<\/div>\n\n\n\n<div class=\"wp-block-columns row sezione\">\n<div class=\"wp-block-column column small-12 medium-4\">\n\t\n\t\n<div class=\"card mb-8\">\n\n\t<div class=\"figure-container relative small-ratio-19 responsive-embed\">\n\t\t<iframe title=\"La tecnologia Blockchain pu\u00f2 rivoluzionare la quotidianit\u00e0?\" width=\"640\" height=\"360\" src=\"https:\/\/www.youtube.com\/embed\/pwykf1dAE6M?feature=oembed\" frameborder=\"0\" allow=\"accelerometer; autoplay; clipboard-write; encrypted-media; gyroscope; picture-in-picture; web-share\" referrerpolicy=\"strict-origin-when-cross-origin\" allowfullscreen><\/iframe>\t<\/div>\n\n\t<div class=\"_card-info bg-white pt-6 pl-3 pr-3 flex flex-direction-column\" style=\"justify-content: space-between; gap:.5rem;\">\n\n\t\t<div class=\"_top pb-4\">\n\t\t\t<h3 class=\"title h5 mb-3\">\n\t\t\t\tLa tecnologia blockchain pu\u00f2 rivoluzionare la vita di tutti i giorni?\t\t\t<\/h3>\n\n\t\t\t\t\t\t\t<div class=\"abstract mb-3\">\n\t\t\t\t\tQuesto episodio spiega come la tecnologia blockchain possa rivoluzionare la vita quotidiana, i mercati, le professioni attuali e quale ruolo potrebbe assumere nel futuro.\t\t\t\t<\/div>\n\t\t\t\n\t\t\t\t\t<\/div>\n\n\t<\/div>\n\n<\/div>\n\n<\/div>\n\n\n\n<div class=\"wp-block-column column small-12 medium-4\">\n\t\n\t\n<div class=\"card mb-8\">\n\n\t<div class=\"figure-container relative small-ratio-19 responsive-embed\">\n\t\t<iframe title=\"L\u2019auto a guida autonoma: una panoramica sul presente e sul futuro\" width=\"640\" height=\"360\" src=\"https:\/\/www.youtube.com\/embed\/hbQ2jPaz9Tg?feature=oembed\" frameborder=\"0\" allow=\"accelerometer; autoplay; clipboard-write; encrypted-media; gyroscope; picture-in-picture; web-share\" referrerpolicy=\"strict-origin-when-cross-origin\" allowfullscreen><\/iframe>\t<\/div>\n\n\t<div class=\"_card-info bg-white pt-6 pl-3 pr-3 flex flex-direction-column\" style=\"justify-content: space-between; gap:.5rem;\">\n\n\t\t<div class=\"_top pb-4\">\n\t\t\t<h3 class=\"title h5 mb-3\">\n\t\t\t\tL\u2019auto a guida autonoma: panoramica sul presente e sul futuro\t\t\t<\/h3>\n\n\t\t\t\t\t\t\t<div class=\"abstract mb-3\">\n\t\t\t\t\tGianluca Toscano approfondisce un tema di grande attualit\u00e0: le auto autonome. La storia di questa tecnologia affonda le sue radici nei primi anni del Novecento: come \u00e8 cambiata la percezione delle auto a guida autonoma nel tempo? Sostituiranno completamente i conducenti o diventeranno copiloti al servizio dell\u2019uomo per garantirne la sicurezza? In che modo? Gianluca esplora le tecnologie abilitanti fondamentali per lo sviluppo di questa nuova mobilit\u00e0 intelligente, offrendo una panoramica sulla situazione attuale.\t\t\t\t<\/div>\n\t\t\t\n\t\t\t\t\t<\/div>\n\n\t<\/div>\n\n<\/div>\n\n<\/div>\n\n\n\n<div class=\"wp-block-column column small-12 medium-4\">\n\t\n\t\n<div class=\"card mb-8\">\n\n\t<div class=\"figure-container relative small-ratio-19 responsive-embed\">\n\t\t<iframe title=\"Procedure di Fuzztesting per le centraline elettroniche automotive.\" width=\"640\" height=\"360\" src=\"https:\/\/www.youtube.com\/embed\/FdNk8ofztHA?feature=oembed\" frameborder=\"0\" allow=\"accelerometer; autoplay; clipboard-write; encrypted-media; gyroscope; picture-in-picture; web-share\" referrerpolicy=\"strict-origin-when-cross-origin\" allowfullscreen><\/iframe>\t<\/div>\n\n\t<div class=\"_card-info bg-white pt-6 pl-3 pr-3 flex flex-direction-column\" style=\"justify-content: space-between; gap:.5rem;\">\n\n\t\t<div class=\"_top pb-4\">\n\t\t\t<h3 class=\"title h5 mb-3\">\n\t\t\t\tProcedure di fuzz testing per le unit\u00e0 di controllo elettronico nel settore automotive\t\t\t<\/h3>\n\n\t\t\t\t\t\t\t<div class=\"abstract mb-3\">\n\t\t\t\t\tClaudio D\u2019Avino spiega come le nuove normative sulla cybersecurity coinvolgano anche il settore automotive, con l\u2019obiettivo di rendere i veicoli, sempre pi\u00f9 connessi con l\u2019esterno, pi\u00f9 sicuri. Per garantire questo livello di sicurezza, vengono adottati diversi tipi di test, fondamentali per il processo di validazione.\t\t\t\t<\/div>\n\t\t\t\n\t\t\t\t\t<\/div>\n\n\t<\/div>\n\n<\/div>\n\n<\/div>\n<\/div>\n<\/div>\n<\/div>\n\n\n\n    <span class=\"block p-8\">&nbsp;<\/span>\n\n","protected":false},"excerpt":{"rendered":"<p class=\"excerpt\">Teoresi Nexus: dove innovazione e opportunit\u00e0 si incontrano.Questo ciclo di webinar \u00e8 stato pensato per offrire uno sguardo sulle tecnologie con cui lavoriamo e per esplorare le opportunit\u00e0 disponibili all\u2019interno della nostra organizzazione. Teo Talk \u00e8 il format YouTube di Teoresi che esplora le tecnologie pi\u00f9 innovative attraverso brevi speech tenuti dai nostri esperti. Dalla cybersicurezza automotive alla blockchain, dall\u2019intelligenza&#8230;<\/p>\n","protected":false},"author":7,"featured_media":0,"parent":6925,"menu_order":0,"comment_status":"closed","ping_status":"closed","template":"","meta":{"_acf_changed":false,"footnotes":""},"class_list":["post-49699","page","type-page","status-publish","hentry"],"yoast_head":"<!-- This site is optimized with the Yoast SEO plugin v27.3 - https:\/\/yoast.com\/product\/yoast-seo-wordpress\/ -->\n<title>Webinars - Teoresi Group<\/title>\n<meta name=\"description\" content=\"Discover all you need to know about Webinars on Teoresi Group - Teoresi Group is high profile engineering. It offers an innovative approach in close synergy with the Research and Development departments of the main industrial players.\" \/>\n<meta name=\"robots\" content=\"index, follow, max-snippet:-1, max-image-preview:large, max-video-preview:-1\" \/>\n<link rel=\"canonical\" href=\"https:\/\/www.teoresigroup.com\/it\/connect\/webinars\/\" \/>\n<meta property=\"og:locale\" content=\"it_IT\" \/>\n<meta property=\"og:type\" content=\"article\" \/>\n<meta property=\"og:title\" content=\"Webinars - Teoresi Group\" \/>\n<meta property=\"og:description\" content=\"Discover all you need to know about Webinars on Teoresi Group - Teoresi Group is high profile engineering. It offers an innovative approach in close synergy with the Research and Development departments of the main industrial players.\" \/>\n<meta property=\"og:url\" content=\"https:\/\/www.teoresigroup.com\/it\/connect\/webinars\/\" \/>\n<meta property=\"og:site_name\" content=\"Teoresi Group\" \/>\n<meta property=\"article:publisher\" content=\"https:\/\/www.facebook.com\/pages\/Gruppo-Teoresi\/118393464917205\" \/>\n<meta property=\"article:modified_time\" content=\"2025-03-11T11:33:23+00:00\" \/>\n<meta property=\"og:image\" content=\"https:\/\/www.teoresigroup.com\/wp-content\/uploads\/2021\/02\/og-image.jpg\" \/>\n\t<meta property=\"og:image:width\" content=\"1200\" \/>\n\t<meta property=\"og:image:height\" content=\"630\" \/>\n\t<meta property=\"og:image:type\" content=\"image\/jpeg\" \/>\n<meta name=\"twitter:card\" content=\"summary_large_image\" \/>\n<meta name=\"twitter:label1\" content=\"Tempo di lettura stimato\" \/>\n\t<meta name=\"twitter:data1\" content=\"1 minuto\" \/>\n<script type=\"application\/ld+json\" class=\"yoast-schema-graph\">{\"@context\":\"https:\\\/\\\/schema.org\",\"@graph\":[{\"@type\":\"WebPage\",\"@id\":\"https:\\\/\\\/www.teoresigroup.com\\\/it\\\/connect\\\/webinars\\\/\",\"url\":\"https:\\\/\\\/www.teoresigroup.com\\\/it\\\/connect\\\/webinars\\\/\",\"name\":\"Webinars - Teoresi Group\",\"isPartOf\":{\"@id\":\"https:\\\/\\\/www.teoresigroup.com\\\/it\\\/#website\"},\"datePublished\":\"2025-01-30T16:07:03+00:00\",\"dateModified\":\"2025-03-11T11:33:23+00:00\",\"description\":\"Discover all you need to know about Webinars on Teoresi Group - Teoresi Group is high profile engineering. It offers an innovative approach in close synergy with the Research and Development departments of the main industrial players.\",\"breadcrumb\":{\"@id\":\"https:\\\/\\\/www.teoresigroup.com\\\/it\\\/connect\\\/webinars\\\/#breadcrumb\"},\"inLanguage\":\"it-IT\",\"potentialAction\":[{\"@type\":\"ReadAction\",\"target\":[\"https:\\\/\\\/www.teoresigroup.com\\\/it\\\/connect\\\/webinars\\\/\"]}]},{\"@type\":\"BreadcrumbList\",\"@id\":\"https:\\\/\\\/www.teoresigroup.com\\\/it\\\/connect\\\/webinars\\\/#breadcrumb\",\"itemListElement\":[{\"@type\":\"ListItem\",\"position\":1,\"name\":\"\",\"item\":\"https:\\\/\\\/www.teoresigroup.com\\\/it\\\/\"},{\"@type\":\"ListItem\",\"position\":2,\"name\":\"Connect\",\"item\":\"https:\\\/\\\/www.teoresigroup.com\\\/it\\\/connect\\\/\"},{\"@type\":\"ListItem\",\"position\":3,\"name\":\"Webinars\"}]},{\"@type\":\"WebSite\",\"@id\":\"https:\\\/\\\/www.teoresigroup.com\\\/it\\\/#website\",\"url\":\"https:\\\/\\\/www.teoresigroup.com\\\/it\\\/\",\"name\":\"Teoresi Group\",\"description\":\"Engineering for Human life.\",\"publisher\":{\"@id\":\"https:\\\/\\\/www.teoresigroup.com\\\/it\\\/#organization\"},\"potentialAction\":[{\"@type\":\"SearchAction\",\"target\":{\"@type\":\"EntryPoint\",\"urlTemplate\":\"https:\\\/\\\/www.teoresigroup.com\\\/it\\\/?s={search_term_string}\"},\"query-input\":{\"@type\":\"PropertyValueSpecification\",\"valueRequired\":true,\"valueName\":\"search_term_string\"}}],\"inLanguage\":\"it-IT\"},{\"@type\":\"Organization\",\"@id\":\"https:\\\/\\\/www.teoresigroup.com\\\/it\\\/#organization\",\"name\":\"Teoresi Group\",\"url\":\"https:\\\/\\\/www.teoresigroup.com\\\/it\\\/\",\"logo\":{\"@type\":\"ImageObject\",\"inLanguage\":\"it-IT\",\"@id\":\"https:\\\/\\\/www.teoresigroup.com\\\/it\\\/#\\\/schema\\\/logo\\\/image\\\/\",\"url\":\"https:\\\/\\\/www.teoresigroup.com\\\/wp-content\\\/uploads\\\/2020\\\/12\\\/teoresi-logo-color.svg\",\"contentUrl\":\"https:\\\/\\\/www.teoresigroup.com\\\/wp-content\\\/uploads\\\/2020\\\/12\\\/teoresi-logo-color.svg\",\"width\":1,\"height\":1,\"caption\":\"Teoresi Group\"},\"image\":{\"@id\":\"https:\\\/\\\/www.teoresigroup.com\\\/it\\\/#\\\/schema\\\/logo\\\/image\\\/\"},\"sameAs\":[\"https:\\\/\\\/www.facebook.com\\\/pages\\\/Gruppo-Teoresi\\\/118393464917205\",\"https:\\\/\\\/www.instagram.com\\\/teoresigroup\\\/\",\"https:\\\/\\\/www.linkedin.com\\\/company\\\/teoresigroup\\\/\",\"https:\\\/\\\/www.youtube.com\\\/channel\\\/UCNdBBSSax2EWPmFk5QzYP8Q\"]}]}<\/script>\n<!-- \/ Yoast SEO plugin. -->","yoast_head_json":{"title":"Webinars - Teoresi Group","description":"Discover all you need to know about Webinars on Teoresi Group - Teoresi Group is high profile engineering. It offers an innovative approach in close synergy with the Research and Development departments of the main industrial players.","robots":{"index":"index","follow":"follow","max-snippet":"max-snippet:-1","max-image-preview":"max-image-preview:large","max-video-preview":"max-video-preview:-1"},"canonical":"https:\/\/www.teoresigroup.com\/it\/connect\/webinars\/","og_locale":"it_IT","og_type":"article","og_title":"Webinars - Teoresi Group","og_description":"Discover all you need to know about Webinars on Teoresi Group - Teoresi Group is high profile engineering. It offers an innovative approach in close synergy with the Research and Development departments of the main industrial players.","og_url":"https:\/\/www.teoresigroup.com\/it\/connect\/webinars\/","og_site_name":"Teoresi Group","article_publisher":"https:\/\/www.facebook.com\/pages\/Gruppo-Teoresi\/118393464917205","article_modified_time":"2025-03-11T11:33:23+00:00","og_image":[{"width":1200,"height":630,"url":"https:\/\/www.teoresigroup.com\/wp-content\/uploads\/2021\/02\/og-image.jpg","type":"image\/jpeg"}],"twitter_card":"summary_large_image","twitter_misc":{"Tempo di lettura stimato":"1 minuto"},"schema":{"@context":"https:\/\/schema.org","@graph":[{"@type":"WebPage","@id":"https:\/\/www.teoresigroup.com\/it\/connect\/webinars\/","url":"https:\/\/www.teoresigroup.com\/it\/connect\/webinars\/","name":"Webinars - Teoresi Group","isPartOf":{"@id":"https:\/\/www.teoresigroup.com\/it\/#website"},"datePublished":"2025-01-30T16:07:03+00:00","dateModified":"2025-03-11T11:33:23+00:00","description":"Discover all you need to know about Webinars on Teoresi Group - Teoresi Group is high profile engineering. It offers an innovative approach in close synergy with the Research and Development departments of the main industrial players.","breadcrumb":{"@id":"https:\/\/www.teoresigroup.com\/it\/connect\/webinars\/#breadcrumb"},"inLanguage":"it-IT","potentialAction":[{"@type":"ReadAction","target":["https:\/\/www.teoresigroup.com\/it\/connect\/webinars\/"]}]},{"@type":"BreadcrumbList","@id":"https:\/\/www.teoresigroup.com\/it\/connect\/webinars\/#breadcrumb","itemListElement":[{"@type":"ListItem","position":1,"name":"","item":"https:\/\/www.teoresigroup.com\/it\/"},{"@type":"ListItem","position":2,"name":"Connect","item":"https:\/\/www.teoresigroup.com\/it\/connect\/"},{"@type":"ListItem","position":3,"name":"Webinars"}]},{"@type":"WebSite","@id":"https:\/\/www.teoresigroup.com\/it\/#website","url":"https:\/\/www.teoresigroup.com\/it\/","name":"Teoresi Group","description":"Engineering for Human life.","publisher":{"@id":"https:\/\/www.teoresigroup.com\/it\/#organization"},"potentialAction":[{"@type":"SearchAction","target":{"@type":"EntryPoint","urlTemplate":"https:\/\/www.teoresigroup.com\/it\/?s={search_term_string}"},"query-input":{"@type":"PropertyValueSpecification","valueRequired":true,"valueName":"search_term_string"}}],"inLanguage":"it-IT"},{"@type":"Organization","@id":"https:\/\/www.teoresigroup.com\/it\/#organization","name":"Teoresi Group","url":"https:\/\/www.teoresigroup.com\/it\/","logo":{"@type":"ImageObject","inLanguage":"it-IT","@id":"https:\/\/www.teoresigroup.com\/it\/#\/schema\/logo\/image\/","url":"https:\/\/www.teoresigroup.com\/wp-content\/uploads\/2020\/12\/teoresi-logo-color.svg","contentUrl":"https:\/\/www.teoresigroup.com\/wp-content\/uploads\/2020\/12\/teoresi-logo-color.svg","width":1,"height":1,"caption":"Teoresi Group"},"image":{"@id":"https:\/\/www.teoresigroup.com\/it\/#\/schema\/logo\/image\/"},"sameAs":["https:\/\/www.facebook.com\/pages\/Gruppo-Teoresi\/118393464917205","https:\/\/www.instagram.com\/teoresigroup\/","https:\/\/www.linkedin.com\/company\/teoresigroup\/","https:\/\/www.youtube.com\/channel\/UCNdBBSSax2EWPmFk5QzYP8Q"]}]}},"acf":[],"_links":{"self":[{"href":"https:\/\/www.teoresigroup.com\/it\/wp-json\/wp\/v2\/pages\/49699","targetHints":{"allow":["GET"]}}],"collection":[{"href":"https:\/\/www.teoresigroup.com\/it\/wp-json\/wp\/v2\/pages"}],"about":[{"href":"https:\/\/www.teoresigroup.com\/it\/wp-json\/wp\/v2\/types\/page"}],"author":[{"embeddable":true,"href":"https:\/\/www.teoresigroup.com\/it\/wp-json\/wp\/v2\/users\/7"}],"replies":[{"embeddable":true,"href":"https:\/\/www.teoresigroup.com\/it\/wp-json\/wp\/v2\/comments?post=49699"}],"version-history":[{"count":5,"href":"https:\/\/www.teoresigroup.com\/it\/wp-json\/wp\/v2\/pages\/49699\/revisions"}],"predecessor-version":[{"id":51015,"href":"https:\/\/www.teoresigroup.com\/it\/wp-json\/wp\/v2\/pages\/49699\/revisions\/51015"}],"up":[{"embeddable":true,"href":"https:\/\/www.teoresigroup.com\/it\/wp-json\/wp\/v2\/pages\/6925"}],"wp:attachment":[{"href":"https:\/\/www.teoresigroup.com\/it\/wp-json\/wp\/v2\/media?parent=49699"}],"curies":[{"name":"wp","href":"https:\/\/api.w.org\/{rel}","templated":true}]}}