{"id":8758,"date":"2020-11-12T16:11:31","date_gmt":"2020-11-12T15:11:31","guid":{"rendered":"https:\/\/www.teoresigroup.com\/company-info\/"},"modified":"2025-08-25T10:10:09","modified_gmt":"2025-08-25T08:10:09","slug":"company-info","status":"publish","type":"page","link":"https:\/\/www.teoresigroup.com\/it\/company-info\/","title":{"rendered":"Company Info"},"content":{"rendered":"\n\t\n\t\n\t\t<div id=\"block_bbdf10c99f2a6083b73d84ae9d7ffb50\" class=\"hero-image\">\n\t\t\t<div class=\"image-hero-container row expanded isdark\">\n\n\t\t\t\t\t\t\t\t\t<div class=\"top absolute z-10 pin-t pin-l xsmall-pt-4 xsmall-pl-4 small-pt-6 small-pl-6 pt-12 pl-12\">\n\t\t\t\t\t\t<span class=\"toptitle color-white title-line orange\">page<\/span>\n\t\t\t\t\t<\/div>\n\t\t\t\t\n\t\t\t\t<!-- Icona centrale per small -->\n\t\t\t\t<div class=\"hero-icon middle hide-for-medium absolute z-10 pin-l xsmall-pl-4 small-pl-6 pl-12\">\n\t\t\t\t\t\n\t\t\t\t<\/div>\n\n\t\t\t\t<!-- Blocco Icona + Titolo per medium-up -->\n\t\t\t\t<div class=\"bottom show-for-medium z-10 absolute pin-b pin-l xsmall-pb-4 xsmall-pl-4 pb-12 pl-12\">\n\n\t\t\t\t\t\n\t\t\t\t\t\t\t\t\t\t\t<h1 class=\"hero-title title mb-0 dot-after\">Company Info<\/h1>\n\t\t\t\t\t\t\t\t\t\t\n\t\t\t\t<\/div>\n\n\t\t\t\t\n\t\t\t\t\t\n\t\t\t\t\t<!-- Versione senza parallasse -->\n\t\t\t\t\t<div class=\"hero-bg bg-img b-lazy\" data-src = \"https:\/\/www.teoresigroup.com\/wp-content\/uploads\/2020\/10\/hero-governance-1.jpg\" ><\/div>\n\n\t\t\t\t\n\t\t\t\t<div class=\"hero-filter\"><\/div>\n\n\t\t\t<\/div>\n\t\t<\/div>\n\n\t\t<!-- Titolo fuori Hero per small -->\n\t\t<div class=\"row sezione hide-for-medium\">\n\n\t\t\t<div class=\"column\">\n\t\t\t\t\t\t\t\t\t<h1 class=\"hero-title title mb-0 dot-after\">Company Info<\/h1>\n\t\t\t\t\t\t\t\t\t\t\t<\/div>\n\n\t\t<\/div>\n\n\t\n\n\n\n    <span class=\"block p-4\">&nbsp;<\/span>\n\n\n\n\n    <div id=\"block_c3a9ba3d951d521d2721ef2a8969577f\" class=\"row sezione mt-8 align-center\">\n        <div class=\"column small-12 medium-10 large-8 text-center\">\n                                        <span class=\"title h2 fw-700 mb-2\">Company Info<\/span>\n                                <\/div>\n    <\/div>\n\n\n\n\n<p class=\"wp-block-studio42-paragraph text-center\"><br\/><strong>Teoresi S.p.A.<\/strong><br\/><em>Headquarters<\/em>: Via Perugia, 24 \u2013 10152 Torino (Italy)<br\/>Capitale versato Euro 1.000.000<br\/>Registro delle Imprese di Torino \/ Codice Fiscale n. 03037960014<br\/>R.E.A. 700699 Torino.<\/p>\n\n\n\n    <span class=\"block p-4\">&nbsp;<\/span>\n\n\n\n\n    <div id=\"block_c3d988dd45d41eb8cd49569920bc6619\" class=\"row sezione mt-8 align-center\">\n        <div class=\"column small-12 medium-10 large-8 text-center\">\n                                        <span class=\"title h2 fw-700 mb-2\">Compliance<\/span>\n                                <\/div>\n    <\/div>\n\n\n\n\n<div class=\"wp-block-columns align-center row sezione\">\n<div class=\"wp-block-column column small-12 medium-10 large-8\">\n<p class=\"wp-block-studio42-paragraph text-none\">Teoresi S.p.A. si impegna a garantire condizioni di correttezza e trasparenza nello svolgimento delle attivit\u00e0 aziendali e societarie. Per questo motivo, sebbene l\u2019adozione del modello sia prevista dalla legge come facoltativa e non obbligatoria, Teoresi S.p.A. ha adottato un Modello di Organizzazione, Gestione e Controllo, quale valido strumento di sensibilizzazione nei confronti di tutti coloro che operano in nome e per conto di Teoresi S.p.A., affinch\u00e9 si comportino in maniera corretta e lineare nello svolgimento delle proprie attivit\u00e0, prevenendo cos\u00ec il rischio di reati previsti dal medesimo Decreto.<\/p>\n\n\n        \n        <div id=\"block_b932f2f424fdbeecc9949918147e193a\" class=\"attachments row sezione align-center\">\n\n            <div class=\"column small-12 medium-10 large-8\">\n\n                \n                     <a class=\"attachment flex align-middle p-3 mb-3 fs-p color-body\" href=\"https:\/\/www.teoresigroup.com\/wp-content\/uploads\/2020\/11\/teo01-mog231pg-it-20201106.pdf\" target=\"_blank\" rel=\"nofollow noopener\" onclick=\"ga('send', 'event', 'Action-Link', 'Click', 'Teoresi S.p.A. \u2013 Modello di Organizzazione, Gestione e Controllo ai sensi del Decreto Legislativo 8 giugno 2001, n. 231');\"><svg class=\"icon tg-download-outline width-8 mr-3 color-orange\" xmlns=\"http:\/\/www.w3.org\/2000\/svg\" viewBox=\"0 0 512 512\">\n        <path d=\"M336,176h40a40,40,0,0,1,40,40V424a40,40,0,0,1-40,40H136a40,40,0,0,1-40-40V216a40,40,0,0,1,40-40h40\" style=\"fill:none;stroke:#ea6a11;stroke-linecap:round;stroke-linejoin:round;stroke-width:32px\"\/>\n        <polyline points=\"176 272 256 352 336 272\" style=\"fill:none;stroke:#ea6a11;stroke-linecap:round;stroke-linejoin:round;stroke-width:32px\"\/>\n        <line x1=\"256\" y1=\"48\" x2=\"256\" y2=\"336\" style=\"fill:none;stroke:#ea6a11;stroke-linecap:round;stroke-linejoin:round;stroke-width:32px\"\/>\n        <\/svg>Teoresi S.p.A. \u2013 Modello di Organizzazione, Gestione e Controllo ai sensi del Decreto Legislativo 8 giugno 2001, n. 231<\/a>\n                \n            <\/div>\n\n        <\/div>\n\n    \n\n\n\n<p class=\"wp-block-studio42-paragraph text-none\">Per delineare con chiarezza i principi e i valori che caratterizzano l\u2019attivit\u00e0 di Teoresi, il Gruppo ha inoltre redatto il proprio <a href=\"https:\/\/www.teoresigroup.com\/it\/code-of-ethics\/\"><strong>Codice Etico<\/strong><\/a>, un documento che raccoglie l\u2019insieme dei principi la cui osservanza \u00e8 di fondamentale importanza per il regolare funzionamento, l\u2019affidabilit\u00e0 della gestione e l\u2019immagine del Gruppo Teoresi.<\/p>\n\n\n\n    <span class=\"block p-8\">&nbsp;<\/span>\n\n<\/div>\n<\/div>\n","protected":false},"excerpt":{"rendered":"","protected":false},"author":7,"featured_media":0,"parent":0,"menu_order":12,"comment_status":"closed","ping_status":"closed","template":"","meta":{"_acf_changed":false,"footnotes":""},"class_list":["post-8758","page","type-page","status-publish","hentry"],"yoast_head":"<!-- This site is optimized with the Yoast SEO plugin v27.4 - https:\/\/yoast.com\/product\/yoast-seo-wordpress\/ -->\n<title>Company Info - Teoresi Group<\/title>\n<meta name=\"description\" content=\"Discover all you need to know about Company Info on Teoresi Group - Teoresi Group is high profile engineering. It offers an innovative approach in close synergy with the Research and Development departments of the main industrial players.\" \/>\n<meta name=\"robots\" content=\"index, follow, max-snippet:-1, max-image-preview:large, max-video-preview:-1\" \/>\n<link rel=\"canonical\" href=\"https:\/\/www.teoresigroup.com\/it\/company-info\/\" \/>\n<meta property=\"og:locale\" content=\"it_IT\" \/>\n<meta property=\"og:type\" content=\"article\" \/>\n<meta property=\"og:title\" content=\"Company Info - Teoresi Group\" \/>\n<meta property=\"og:description\" content=\"Discover all you need to know about Company Info on Teoresi Group - Teoresi Group is high profile engineering. It offers an innovative approach in close synergy with the Research and Development departments of the main industrial players.\" \/>\n<meta property=\"og:url\" content=\"https:\/\/www.teoresigroup.com\/it\/company-info\/\" \/>\n<meta property=\"og:site_name\" content=\"Teoresi Group\" \/>\n<meta property=\"article:publisher\" content=\"https:\/\/www.facebook.com\/pages\/Gruppo-Teoresi\/118393464917205\" \/>\n<meta property=\"article:modified_time\" content=\"2025-08-25T08:10:09+00:00\" \/>\n<meta property=\"og:image\" content=\"https:\/\/www.teoresigroup.com\/wp-content\/uploads\/2021\/02\/og-image.jpg\" \/>\n\t<meta property=\"og:image:width\" content=\"1200\" \/>\n\t<meta property=\"og:image:height\" content=\"630\" \/>\n\t<meta property=\"og:image:type\" content=\"image\/jpeg\" \/>\n<meta name=\"twitter:card\" content=\"summary_large_image\" \/>\n<meta name=\"twitter:label1\" content=\"Tempo di lettura stimato\" \/>\n\t<meta name=\"twitter:data1\" content=\"1 minuto\" \/>\n<script type=\"application\/ld+json\" class=\"yoast-schema-graph\">{\"@context\":\"https:\\\/\\\/schema.org\",\"@graph\":[{\"@type\":\"WebPage\",\"@id\":\"https:\\\/\\\/www.teoresigroup.com\\\/it\\\/company-info\\\/\",\"url\":\"https:\\\/\\\/www.teoresigroup.com\\\/it\\\/company-info\\\/\",\"name\":\"Company Info - Teoresi Group\",\"isPartOf\":{\"@id\":\"https:\\\/\\\/www.teoresigroup.com\\\/it\\\/#website\"},\"datePublished\":\"2020-11-12T15:11:31+00:00\",\"dateModified\":\"2025-08-25T08:10:09+00:00\",\"description\":\"Discover all you need to know about Company Info on Teoresi Group - Teoresi Group is high profile engineering. It offers an innovative approach in close synergy with the Research and Development departments of the main industrial players.\",\"breadcrumb\":{\"@id\":\"https:\\\/\\\/www.teoresigroup.com\\\/it\\\/company-info\\\/#breadcrumb\"},\"inLanguage\":\"it-IT\",\"potentialAction\":[{\"@type\":\"ReadAction\",\"target\":[\"https:\\\/\\\/www.teoresigroup.com\\\/it\\\/company-info\\\/\"]}]},{\"@type\":\"BreadcrumbList\",\"@id\":\"https:\\\/\\\/www.teoresigroup.com\\\/it\\\/company-info\\\/#breadcrumb\",\"itemListElement\":[{\"@type\":\"ListItem\",\"position\":1,\"name\":\"\",\"item\":\"https:\\\/\\\/www.teoresigroup.com\\\/it\\\/\"},{\"@type\":\"ListItem\",\"position\":2,\"name\":\"Company Info\"}]},{\"@type\":\"WebSite\",\"@id\":\"https:\\\/\\\/www.teoresigroup.com\\\/it\\\/#website\",\"url\":\"https:\\\/\\\/www.teoresigroup.com\\\/it\\\/\",\"name\":\"Teoresi Group\",\"description\":\"Engineering for Human life.\",\"publisher\":{\"@id\":\"https:\\\/\\\/www.teoresigroup.com\\\/it\\\/#organization\"},\"potentialAction\":[{\"@type\":\"SearchAction\",\"target\":{\"@type\":\"EntryPoint\",\"urlTemplate\":\"https:\\\/\\\/www.teoresigroup.com\\\/it\\\/?s={search_term_string}\"},\"query-input\":{\"@type\":\"PropertyValueSpecification\",\"valueRequired\":true,\"valueName\":\"search_term_string\"}}],\"inLanguage\":\"it-IT\"},{\"@type\":\"Organization\",\"@id\":\"https:\\\/\\\/www.teoresigroup.com\\\/it\\\/#organization\",\"name\":\"Teoresi Group\",\"url\":\"https:\\\/\\\/www.teoresigroup.com\\\/it\\\/\",\"logo\":{\"@type\":\"ImageObject\",\"inLanguage\":\"it-IT\",\"@id\":\"https:\\\/\\\/www.teoresigroup.com\\\/it\\\/#\\\/schema\\\/logo\\\/image\\\/\",\"url\":\"https:\\\/\\\/www.teoresigroup.com\\\/wp-content\\\/uploads\\\/2020\\\/12\\\/teoresi-logo-color.svg\",\"contentUrl\":\"https:\\\/\\\/www.teoresigroup.com\\\/wp-content\\\/uploads\\\/2020\\\/12\\\/teoresi-logo-color.svg\",\"width\":1,\"height\":1,\"caption\":\"Teoresi Group\"},\"image\":{\"@id\":\"https:\\\/\\\/www.teoresigroup.com\\\/it\\\/#\\\/schema\\\/logo\\\/image\\\/\"},\"sameAs\":[\"https:\\\/\\\/www.facebook.com\\\/pages\\\/Gruppo-Teoresi\\\/118393464917205\",\"https:\\\/\\\/www.instagram.com\\\/teoresigroup\\\/\",\"https:\\\/\\\/www.linkedin.com\\\/company\\\/teoresigroup\\\/\",\"https:\\\/\\\/www.youtube.com\\\/channel\\\/UCNdBBSSax2EWPmFk5QzYP8Q\"]}]}<\/script>\n<!-- \/ Yoast SEO plugin. -->","yoast_head_json":{"title":"Company Info - Teoresi Group","description":"Discover all you need to know about Company Info on Teoresi Group - Teoresi Group is high profile engineering. It offers an innovative approach in close synergy with the Research and Development departments of the main industrial players.","robots":{"index":"index","follow":"follow","max-snippet":"max-snippet:-1","max-image-preview":"max-image-preview:large","max-video-preview":"max-video-preview:-1"},"canonical":"https:\/\/www.teoresigroup.com\/it\/company-info\/","og_locale":"it_IT","og_type":"article","og_title":"Company Info - Teoresi Group","og_description":"Discover all you need to know about Company Info on Teoresi Group - Teoresi Group is high profile engineering. It offers an innovative approach in close synergy with the Research and Development departments of the main industrial players.","og_url":"https:\/\/www.teoresigroup.com\/it\/company-info\/","og_site_name":"Teoresi Group","article_publisher":"https:\/\/www.facebook.com\/pages\/Gruppo-Teoresi\/118393464917205","article_modified_time":"2025-08-25T08:10:09+00:00","og_image":[{"width":1200,"height":630,"url":"https:\/\/www.teoresigroup.com\/wp-content\/uploads\/2021\/02\/og-image.jpg","type":"image\/jpeg"}],"twitter_card":"summary_large_image","twitter_misc":{"Tempo di lettura stimato":"1 minuto"},"schema":{"@context":"https:\/\/schema.org","@graph":[{"@type":"WebPage","@id":"https:\/\/www.teoresigroup.com\/it\/company-info\/","url":"https:\/\/www.teoresigroup.com\/it\/company-info\/","name":"Company Info - Teoresi Group","isPartOf":{"@id":"https:\/\/www.teoresigroup.com\/it\/#website"},"datePublished":"2020-11-12T15:11:31+00:00","dateModified":"2025-08-25T08:10:09+00:00","description":"Discover all you need to know about Company Info on Teoresi Group - Teoresi Group is high profile engineering. It offers an innovative approach in close synergy with the Research and Development departments of the main industrial players.","breadcrumb":{"@id":"https:\/\/www.teoresigroup.com\/it\/company-info\/#breadcrumb"},"inLanguage":"it-IT","potentialAction":[{"@type":"ReadAction","target":["https:\/\/www.teoresigroup.com\/it\/company-info\/"]}]},{"@type":"BreadcrumbList","@id":"https:\/\/www.teoresigroup.com\/it\/company-info\/#breadcrumb","itemListElement":[{"@type":"ListItem","position":1,"name":"","item":"https:\/\/www.teoresigroup.com\/it\/"},{"@type":"ListItem","position":2,"name":"Company Info"}]},{"@type":"WebSite","@id":"https:\/\/www.teoresigroup.com\/it\/#website","url":"https:\/\/www.teoresigroup.com\/it\/","name":"Teoresi Group","description":"Engineering for Human life.","publisher":{"@id":"https:\/\/www.teoresigroup.com\/it\/#organization"},"potentialAction":[{"@type":"SearchAction","target":{"@type":"EntryPoint","urlTemplate":"https:\/\/www.teoresigroup.com\/it\/?s={search_term_string}"},"query-input":{"@type":"PropertyValueSpecification","valueRequired":true,"valueName":"search_term_string"}}],"inLanguage":"it-IT"},{"@type":"Organization","@id":"https:\/\/www.teoresigroup.com\/it\/#organization","name":"Teoresi Group","url":"https:\/\/www.teoresigroup.com\/it\/","logo":{"@type":"ImageObject","inLanguage":"it-IT","@id":"https:\/\/www.teoresigroup.com\/it\/#\/schema\/logo\/image\/","url":"https:\/\/www.teoresigroup.com\/wp-content\/uploads\/2020\/12\/teoresi-logo-color.svg","contentUrl":"https:\/\/www.teoresigroup.com\/wp-content\/uploads\/2020\/12\/teoresi-logo-color.svg","width":1,"height":1,"caption":"Teoresi Group"},"image":{"@id":"https:\/\/www.teoresigroup.com\/it\/#\/schema\/logo\/image\/"},"sameAs":["https:\/\/www.facebook.com\/pages\/Gruppo-Teoresi\/118393464917205","https:\/\/www.instagram.com\/teoresigroup\/","https:\/\/www.linkedin.com\/company\/teoresigroup\/","https:\/\/www.youtube.com\/channel\/UCNdBBSSax2EWPmFk5QzYP8Q"]}]}},"acf":[],"_links":{"self":[{"href":"https:\/\/www.teoresigroup.com\/it\/wp-json\/wp\/v2\/pages\/8758","targetHints":{"allow":["GET"]}}],"collection":[{"href":"https:\/\/www.teoresigroup.com\/it\/wp-json\/wp\/v2\/pages"}],"about":[{"href":"https:\/\/www.teoresigroup.com\/it\/wp-json\/wp\/v2\/types\/page"}],"author":[{"embeddable":true,"href":"https:\/\/www.teoresigroup.com\/it\/wp-json\/wp\/v2\/users\/7"}],"replies":[{"embeddable":true,"href":"https:\/\/www.teoresigroup.com\/it\/wp-json\/wp\/v2\/comments?post=8758"}],"version-history":[{"count":3,"href":"https:\/\/www.teoresigroup.com\/it\/wp-json\/wp\/v2\/pages\/8758\/revisions"}],"predecessor-version":[{"id":64003,"href":"https:\/\/www.teoresigroup.com\/it\/wp-json\/wp\/v2\/pages\/8758\/revisions\/64003"}],"wp:attachment":[{"href":"https:\/\/www.teoresigroup.com\/it\/wp-json\/wp\/v2\/media?parent=8758"}],"curies":[{"name":"wp","href":"https:\/\/api.w.org\/{rel}","templated":true}]}}