{"id":7778,"date":"2020-10-09T10:39:58","date_gmt":"2020-10-09T08:39:58","guid":{"rendered":"https:\/\/teoresigroup.com\/test\/activities\/"},"modified":"2021-02-16T22:10:54","modified_gmt":"2021-02-16T21:10:54","slug":"activities","status":"publish","type":"page","link":"https:\/\/www.teoresigroup.com\/test\/de\/activities\/","title":{"rendered":"Activities"},"content":{"rendered":"\n\t\n\t\n\t\t<div id=\"block_5f801ca695ae6\" class=\"hero-image\">\n\t\t\t<div class=\"image-hero-container row expanded isdark\">\n\n\t\t\t\t\t\t\t\t\t<div class=\"top absolute z-10 pin-t pin-l xsmall-pt-4 xsmall-pl-4 small-pt-6 small-pl-6 pt-12 pl-12\">\n\t\t\t\t\t\t<span class=\"toptitle color-white title-line orange\">Activities<\/span>\n\t\t\t\t\t<\/div>\n\t\t\t\t\n\t\t\t\t<!-- Icona centrale per small -->\n\t\t\t\t<div class=\"hero-icon middle hide-for-medium absolute z-10 pin-l xsmall-pl-4 small-pl-6 pl-12\">\n\t\t\t\t\t\n\t\t\t\t<\/div>\n\n\t\t\t\t<!-- Blocco Icona + Titolo per medium-up -->\n\t\t\t\t<div class=\"bottom show-for-medium z-10 absolute pin-b pin-l xsmall-pb-4 xsmall-pl-4 pb-12 pl-12\">\n\n\t\t\t\t\t\n\t\t\t\t\t\t\t\t\t\t\t<h1 class=\"hero-title title mb-0 dot-after\">How we bring Engineering solution to a new level?<\/h1>\n\t\t\t\t\t\t\t\t\t\t\n\t\t\t\t<\/div>\n\n\t\t\t\t\n\t\t\t\t\t\n\t\t\t\t\t<!-- Versione senza parallasse -->\n\t\t\t\t\t<div class=\"hero-bg bg-img b-lazy\" data-src = \"https:\/\/www.teoresigroup.com\/test\/wp-content\/uploads\/2020\/10\/hero-activities.jpg\" ><\/div>\n\n\t\t\t\t\n\t\t\t\t<div class=\"hero-filter\"><\/div>\n\n\t\t\t<\/div>\n\t\t<\/div>\n\n\t\t<!-- Titolo fuori Hero per small -->\n\t\t<div class=\"row sezione hide-for-medium\">\n\n\t\t\t<div class=\"column\">\n\t\t\t\t\t\t\t\t\t<h1 class=\"hero-title title mb-0 dot-after\">How we bring Engineering solution to a new level?<\/h1>\n\t\t\t\t\t\t\t\t\t\t\t<\/div>\n\n\t\t<\/div>\n\n\t\n\n\n\n    \n    <div id=\"block_5f96e9d0f262d\" class=\"breadcrumbs row sezione\">\n        <div class=\"column small-12 fs-xsmall\">\n                    <\/div>\n    <\/div>\n\n\n\n\n    <span class=\"block p-8\">&nbsp;<\/span>\n\n\n\n\n    <div id=\"block_5f801e2095aeb\" class=\"row sezione mt-8 align-center\">\n        <div class=\"column small-12 medium-10 large-8 text-center\">\n                                        <span class=\"title h2 fw-700 mb-2\">Komplettangebot mit System<\/span>\n                                <\/div>\n    <\/div>\n\n\n\n\n<div class=\"row align-center wp-block-columns\">\n<div class=\"wp-block-column column small-12 medium-10 large-8\">\n<p class=\"wp-block-studio42-paragraph text-none\">Mit einem umfassenden System von Technologiel\u00f6sungen ist Teoresi der qualifizierte Partner f\u00fcr Turnkey-L\u00f6sungen und stellt sein Fachwissen mit speziellen Beratungsleistungen zur Verf\u00fcgung.<br\/>Das Angebot kann individuell an die Bed\u00fcrfnisse des Kunden angepasst werden. Auch eine Fachausbildung f\u00fcr den Kunden und eine spezielle Beratung zu den Produkten der neuesten Generation sind m\u00f6glich.<\/p>\n\n\n\n    <span class=\"block p-4\">&nbsp;<\/span>\n\n<\/div>\n<\/div>\n\n\n\n    <div id=\"block_5f801d6995ae7\" class=\"row sezione mt-8 align-center\">\n        <div class=\"column small-12 medium-10 large-8 text-center\">\n                                        <span class=\"title h2 fw-700 mb-2\">Entdecken wir unsere L\u00f6sungen gemeinsam!<\/span>\n                                <\/div>\n    <\/div>\n\n\n\n\n    \n    <div id=\"block_5f801d9795ae8\" class=\"row sezione solutions align-center mt-8 pt-0 pb-8 bg-gradient-grey-lightest-v \">\n\n        <div class=\"column medium-11 large-10\">\n\n            <div class=\"row sezione pt-0 collapse-6 small-up-1 medium-up-2 large-up-3\">\n\n                \n<div class=\"column xsmall-pl-8 xsmall-pr-8 small-pl-8 small-pr-8\">\n\t<a href=\"https:\/\/www.teoresigroup.com\/test\/de\/solutions\/autonomous-vehicles\/\">\n\t\t<div class=\"card solution isdark\" style=\"border:none;\">\n\n\t\t\t<div class=\"figure-container relative small-ratio-169 medium-ratio-43\">\n\n\t\t\t\t<div class=\"bg-img b-lazy hero-bg bg-img bg-cover\" style=\"\" data-src=\"https:\/\/www.teoresigroup.com\/test\/wp-content\/uploads\/2020\/08\/autonomousvehicles-featured-group-640x427.jpg\" style=\"\" ><\/div>\n\t\t\t\t<div class=\"state-box absolute z-10 pin-b pl-6 pb-1\">\n\t\t\t\t\t<figure class=\"width-32 fade-in\" style=\"\" data-url=\"https:\/\/www.teoresigroup.com\/test\/wp-content\/uploads\/2020\/09\/autonomousvehicles-icon-teoresi-group.svg\" data-size=\"0x0\" ><img decoding=\"async\" class=\"b-lazy \" style=\"\" src=\"https:\/\/www.teoresigroup.com\/test\/wp-content\/uploads\/2024\/09\/teoresi-favicon2024.png\" itemprop=\"thumbnail\" data-src=\"https:\/\/www.teoresigroup.com\/test\/wp-content\/uploads\/2020\/09\/autonomousvehicles-icon-teoresi-group.svg\" alt=\"Autonomous Vehicles icon for Teoresi Group website\" width=\"100%\" height=\"100%\" \/><figcaption class=\"image-caption block\"><\/figcaption><\/figure>\t\t\t\t<\/div>\n\n\t\t\t\t<div class=\"hero-filter\"><\/div>\n\n\t\t\t<\/div>\n\n\n\t\t\t<div class=\"card-section pt-0 pb-0 bg-gradient-blue flex align-middle\">\n\t\t\t\t<!--  -->\n\t\t\t\t<span class=\"title fs-h6 truncate-3-lines mb-0 p-4\">Autonomous Vehicles<\/span>\t\t\t\t<!--  -->\n\t\t\t<\/div>\n\n\t\t<\/div>\n\t<\/a>\n<\/div>\n\n<div class=\"column xsmall-pl-8 xsmall-pr-8 small-pl-8 small-pr-8\">\n\t<a href=\"https:\/\/www.teoresigroup.com\/test\/de\/solutions\/hmi\/\">\n\t\t<div class=\"card solution isdark\" style=\"border:none;\">\n\n\t\t\t<div class=\"figure-container relative small-ratio-169 medium-ratio-43\">\n\n\t\t\t\t<div class=\"bg-img b-lazy hero-bg bg-img bg-cover\" style=\"\" data-src=\"https:\/\/www.teoresigroup.com\/test\/wp-content\/uploads\/2020\/12\/hmi-featured-640x427.jpg\" style=\"\" ><\/div>\n\t\t\t\t<div class=\"state-box absolute z-10 pin-b pl-6 pb-1\">\n\t\t\t\t\t<figure class=\"width-32 fade-in\" style=\"\" data-url=\"https:\/\/www.teoresigroup.com\/test\/wp-content\/uploads\/2020\/12\/hmi-negative.svg\" data-size=\"0x0\" ><img decoding=\"async\" class=\"b-lazy \" style=\"\" src=\"https:\/\/www.teoresigroup.com\/test\/wp-content\/uploads\/2024\/09\/teoresi-favicon2024.png\" itemprop=\"thumbnail\" data-src=\"https:\/\/www.teoresigroup.com\/test\/wp-content\/uploads\/2020\/12\/hmi-negative.svg\" alt=\"HMI_negative\" width=\"100%\" height=\"100%\" \/><figcaption class=\"image-caption block\"><\/figcaption><\/figure>\t\t\t\t<\/div>\n\n\t\t\t\t<div class=\"hero-filter\"><\/div>\n\n\t\t\t<\/div>\n\n\n\t\t\t<div class=\"card-section pt-0 pb-0 bg-gradient-blue flex align-middle\">\n\t\t\t\t<!--  -->\n\t\t\t\t<span class=\"title fs-h6 truncate-3-lines mb-0 p-4\">HMI<\/span>\t\t\t\t<!-- <span class=\"subtitle block fs-small\">Human-Machine Interfaces<\/span> -->\n\t\t\t<\/div>\n\n\t\t<\/div>\n\t<\/a>\n<\/div>\n\n<div class=\"column xsmall-pl-8 xsmall-pr-8 small-pl-8 small-pr-8\">\n\t<a href=\"https:\/\/www.teoresigroup.com\/test\/de\/solutions\/network-and-control-unit\/\">\n\t\t<div class=\"card solution isdark\" style=\"border:none;\">\n\n\t\t\t<div class=\"figure-container relative small-ratio-169 medium-ratio-43\">\n\n\t\t\t\t<div class=\"bg-img b-lazy hero-bg bg-img bg-cover\" style=\"\" data-src=\"https:\/\/www.teoresigroup.com\/test\/wp-content\/uploads\/2020\/09\/ncu-featured-optim-1-640x427.jpg\" style=\"\" ><\/div>\n\t\t\t\t<div class=\"state-box absolute z-10 pin-b pl-6 pb-1\">\n\t\t\t\t\t<figure class=\"width-32 fade-in\" style=\"\" data-url=\"https:\/\/www.teoresigroup.com\/test\/wp-content\/uploads\/2020\/09\/ncu.svg\" data-size=\"0x0\" ><img decoding=\"async\" class=\"b-lazy \" style=\"\" src=\"https:\/\/www.teoresigroup.com\/test\/wp-content\/uploads\/2024\/09\/teoresi-favicon2024.png\" itemprop=\"thumbnail\" data-src=\"https:\/\/www.teoresigroup.com\/test\/wp-content\/uploads\/2020\/09\/ncu.svg\" alt=\"Network and Control Unit logo\" width=\"100%\" height=\"100%\" \/><figcaption class=\"image-caption block\"><\/figcaption><\/figure>\t\t\t\t<\/div>\n\n\t\t\t\t<div class=\"hero-filter\"><\/div>\n\n\t\t\t<\/div>\n\n\n\t\t\t<div class=\"card-section pt-0 pb-0 bg-gradient-blue flex align-middle\">\n\t\t\t\t<!-- <span class=\"toptitle block fs-xsmall mb-1\">Solution<\/span> -->\n\t\t\t\t<span class=\"title fs-h6 truncate-3-lines mb-0 p-4\">Network and Control Unit<\/span>\t\t\t\t<!--  -->\n\t\t\t<\/div>\n\n\t\t<\/div>\n\t<\/a>\n<\/div>\n            <\/div>\n\n        <\/div>\n\n                    <div class=\"column small-12 text-center\">\n                <a class=\"button\" href=\"\/de\/activities\/solutions\/\" >Entdecken Sie alle L\u00f6sungen<\/a>\n            <\/div>\n        \n    <\/div>\n\n\n\n\n    <span class=\"block p-8\">&nbsp;<\/span>\n\n\n\n\t\t<div id=\"block_5f801fc495aee\" class=\"hero-image\">\n\t\t<div class=\"image-hero-container intermezzo row expanded isdark align-middle align-center \">\n\n\t\t\t<div class=\"hero-content column small-12 medium-9 large-7 text-center\">\n\n\t\t\t\t\n\t\t\t\t\n\t\t\t\t\t\t\t\t\t<span class=\"title h1 dot-after\">Laboratory spaces and activities<\/span>\n\t\t\t\t\t<span class=\"block\"><\/span>\n\t\t\t\t\n\t\t\t\t\n\t\t\t\t\n\t\t\t<\/div>\n\n\t\t\t\n\t\t\t<div class=\"hero-bg bg-img b-lazy\" data-src = \"https:\/\/www.teoresigroup.com\/test\/wp-content\/uploads\/2020\/10\/cover-body.jpg\"  data-paroller-factor=\"0.3\" data-paroller-type=\"background\" data-paroller-direction=\"vertical\" data-paroller-transition=\"transform .1s linear\"><\/div>\n\n\t\t\t<div class=\"hero-filter\"><\/div>\n\n\t\t<\/div>\n\t<\/div>\n\n\n\n\n    <span class=\"block p-8\">&nbsp;<\/span>\n\n\n\n\n    <div id=\"block_5f80202d95af0\" class=\"row sezione mt-4 align-center\">\n        <div class=\"column small-12 medium-10 large-8 text-center\">\n                                        <span class=\"title h3 fw-700 mb-2 dot-after\">1250 Quadratmeter Labor<\/span>\n                                <\/div>\n    <\/div>\n\n\n\n<figure class=\"wp-block-figure size-large\" style=\"\" data-url=\"https:\/\/www.teoresigroup.com\/test\/wp-content\/uploads\/2020\/11\/labspace.svg\" data-size=\"0x0\" ><img decoding=\"async\" class=\"b-lazy wp-block-image \" style=\"\" src=\"https:\/\/www.teoresigroup.com\/test\/wp-content\/uploads\/2024\/09\/teoresi-favicon2024.png\" itemprop=\"thumbnail\" data-src=\"https:\/\/www.teoresigroup.com\/test\/wp-content\/uploads\/2020\/11\/labspace.svg\" alt=\"1250 m2 Teoresi laboratories in the world\" width=\"100%\" height=\"100%\" \/><figcaption class=\"image-caption block\"><\/figcaption><\/figure>\n\n\n    <span class=\"block p-8\">&nbsp;<\/span>\n\n\n\n\n    \n    \n        <div id=\"block_5f80207195af2\" class=\"focus-box row mt-16 mb-16 \">\n\n            <div class=\"column small-12\">\n\n                                    <div class=\"row sezione align-center collapse-0 bg-grey-lightest\">\n\n                        <div class=\"focus-box-media column small-12 medium-6 photoswipe-item bg-grey-lighter medium-order-2\">\n\n                            \n                            \n                                <figure class=\"pointer relative h-100 overflow-hidden\" title=\"click to zoom-in\" data-url=\"https:\/\/www.teoresigroup.com\/test\/wp-content\/uploads\/2020\/10\/04-960x640.jpg\" data-size=\"960x640\" itemprop=\"associatedMedia\" itemscope itemtype=\"http:\/\/schema.org\/ImageObject\">\n                                    <img decoding=\"async\" class=\"focus-box-image absolute align-self-xy\" src=\"https:\/\/www.teoresigroup.com\/test\/wp-content\/uploads\/2020\/10\/04-640x427.jpg\" alt=\"\" itemprop=\"thumbnail\" \/>\n                                    <svg class=\"icon tg-resize width-8 absolute z-10  pin-b pin-r mr-4 mb-4 color-white\" xmlns=\"http:\/\/www.w3.org\/2000\/svg\" viewBox=\"0 0 512 512\"><polyline points=\"304 96 416 96 416 208\" style=\"fill:none;stroke:#fff;stroke-linecap:round;stroke-linejoin:round;stroke-width:32px\"\/><line x1=\"405.77\" y1=\"106.2\" x2=\"111.98\" y2=\"400.02\" style=\"fill:none;stroke:#fff;stroke-linecap:round;stroke-linejoin:round;stroke-width:32px\"\/><polyline points=\"208 416 96 416 96 304\" style=\"fill:none;stroke:#fff;stroke-linecap:round;stroke-linejoin:round;stroke-width:32px\"\/><\/svg>                                    <div class=\"hero-filter\"><\/div>\n                                <\/figure>\n\n                            \n                        <\/div>\n\n\n\n                        <div class=\"focus-box-content column small-12 medium-6 p-8 medium-order-1\">\n                                                                                        <span class=\"title h5 mb-2\">Ben\u00f6tigen Sie eine spezielle Schulung?<\/span>\n                                                        \n                            <p class=\"mt-4\"><span lang=\"DE\">Bei Teoresi widmen wir der internen Ausbildung und Schulung gr\u00f6\u00dfte Aufmerksamkeit. Auch unseren Kunden bieten wir seit jeher spezialisierte und praxisorientierte Fachschulungen. Wir entwickeln spezifische Schulungsprojekte f\u00fcr unsere Kunden: Wir unterst\u00fctzen sie dabei, zu den technologischen Entwicklungen in unseren Referenzbereichen stets auf dem Laufenden zu bleiben. Kontaktieren Sie uns, um mit uns eine spezielle Fachschulung zu vereinbaren.<\/span><\/p>\n <a class=\"button hollow\" href=\"\/de\/connect\/\"  onclick=\"ga('send', 'event', 'Action-Link', 'Click', 'Kontaktieren Sie uns');\">Kontaktieren Sie uns<\/a>\n                        <\/div>\n\n\n                    <\/div>\n\n                                    <div class=\"row sezione align-center collapse-0 bg-grey-lightest\">\n\n                        <div class=\"focus-box-media column small-12 medium-6 photoswipe-item bg-grey-lighter medium-order-1\">\n\n                            \n                            \n                                <figure class=\"pointer relative h-100 overflow-hidden\" title=\"click to zoom-in\" data-url=\"https:\/\/www.teoresigroup.com\/test\/wp-content\/uploads\/2020\/10\/focus-partner-960x711.jpg\" data-size=\"960x711\" itemprop=\"associatedMedia\" itemscope itemtype=\"http:\/\/schema.org\/ImageObject\">\n                                    <img decoding=\"async\" class=\"focus-box-image absolute align-self-xy\" src=\"https:\/\/www.teoresigroup.com\/test\/wp-content\/uploads\/2020\/10\/focus-partner-640x474.jpg\" alt=\"\" itemprop=\"thumbnail\" \/>\n                                    <svg class=\"icon tg-resize width-8 absolute z-10  pin-b pin-r mr-4 mb-4 color-white\" xmlns=\"http:\/\/www.w3.org\/2000\/svg\" viewBox=\"0 0 512 512\"><polyline points=\"304 96 416 96 416 208\" style=\"fill:none;stroke:#fff;stroke-linecap:round;stroke-linejoin:round;stroke-width:32px\"\/><line x1=\"405.77\" y1=\"106.2\" x2=\"111.98\" y2=\"400.02\" style=\"fill:none;stroke:#fff;stroke-linecap:round;stroke-linejoin:round;stroke-width:32px\"\/><polyline points=\"208 416 96 416 96 304\" style=\"fill:none;stroke:#fff;stroke-linecap:round;stroke-linejoin:round;stroke-width:32px\"\/><\/svg>                                    <div class=\"hero-filter\"><\/div>\n                                <\/figure>\n\n                            \n                        <\/div>\n\n\n\n                        <div class=\"focus-box-content column small-12 medium-6 p-8 medium-order-2\">\n                                                                                        <span class=\"title h5 mb-2\"> M\u00f6chten Sie mehr \u00fcber die Produkte unserer Partner erfahren?<\/span>\n                                                        \n                            <p class=\"mt-4\"><span lang=\"DE\">Erg\u00e4nzend zu unserem Leistungsangebot unterhalten wir Kooperationen und Partnerschaften mit wichtigen internationalen Technologie-Anbietern, deren fortschrittliche Technologien wir auf dem italienischen Markt anbieten.<\/span><\/p>\n <a class=\"button hollow\" href=\"\/de\/product\/\"  onclick=\"ga('send', 'event', 'Action-Link', 'Click', 'Mehr entdecken');\">Mehr entdecken<\/a>\n                        <\/div>\n\n\n                    <\/div>\n\n                \n            <\/div>\n\n        <\/div>\n\n    \n\n\n\n    <span class=\"block p-8\">&nbsp;<\/span>\n\n\n\n\n    <div id=\"block_5f80215295af7\" class=\"row sezione mt-8 align-center\">\n        <div class=\"column small-12 medium-10 large-8 text-center\">\n                                        <span class=\"title h2 fw-700 mb-2\">Sind Sie an unseren T\u00e4tigkeiten und Projekten interessiert? Kontaktieren Sie uns<\/span>\n                                <\/div>\n    <\/div>\n\n\n\n\n        <div id=\"block_5f80214895af6\" class=\"\">\n            \n<div class=\"wpcf7 no-js\" id=\"wpcf7-f7468-o1\" lang=\"en-US\" dir=\"ltr\" data-wpcf7-id=\"7468\">\n<div class=\"screen-reader-response\"><p role=\"status\" aria-live=\"polite\" aria-atomic=\"true\"><\/p> <ul><\/ul><\/div>\n<form action=\"\/test\/de\/wp-json\/wp\/v2\/pages\/7778#wpcf7-f7468-o1\" method=\"post\" class=\"wpcf7-form init\" aria-label=\"Contact form\" novalidate=\"novalidate\" data-status=\"init\">\n<fieldset class=\"hidden-fields-container\"><input type=\"hidden\" name=\"_wpcf7\" value=\"7468\" \/><input type=\"hidden\" name=\"_wpcf7_version\" value=\"6.1.5\" \/><input type=\"hidden\" name=\"_wpcf7_locale\" value=\"en_US\" \/><input type=\"hidden\" name=\"_wpcf7_unit_tag\" value=\"wpcf7-f7468-o1\" \/><input type=\"hidden\" name=\"_wpcf7_container_post\" value=\"0\" \/><input type=\"hidden\" name=\"_wpcf7_posted_data_hash\" value=\"\" \/><input type=\"hidden\" name=\"_wpcf7_recaptcha_response\" value=\"\" \/>\n<\/fieldset>\n<div class=\"row align-center\">\n    <div class=\"column small-12 medium-8\">\n        <div class=\"flex align-center align-middle\">\n            <div class=\"firstname mr-4 w-100\">\n                <p><span class=\"wpcf7-form-control-wrap\" data-name=\"firstname\"><input size=\"40\" maxlength=\"400\" class=\"wpcf7-form-control wpcf7-text wpcf7-validates-as-required\" aria-required=\"true\" aria-invalid=\"false\" placeholder=\"Vorname*\" value=\"\" type=\"text\" name=\"firstname\" \/><\/span><\/p>\n            <\/div>\n            <div class=\"lastname w-100\">\n                <p><span class=\"wpcf7-form-control-wrap\" data-name=\"lastname\"><input size=\"40\" maxlength=\"400\" class=\"wpcf7-form-control wpcf7-text wpcf7-validates-as-required\" aria-required=\"true\" aria-invalid=\"false\" placeholder=\"Nachname*\" value=\"\" type=\"text\" name=\"lastname\" \/><\/span><\/p>\n            <\/div>\n        <\/div>\n        <div class=\"flex align-justify align-middle\">\n            <div class=\"email mr-4 w-100\">\n                <p><span class=\"wpcf7-form-control-wrap\" data-name=\"your-email\"><input size=\"40\" maxlength=\"400\" class=\"wpcf7-form-control wpcf7-email wpcf7-validates-as-required wpcf7-text wpcf7-validates-as-email\" aria-required=\"true\" aria-invalid=\"false\" placeholder=\"E-Mail-Addresse*\" value=\"\" type=\"email\" name=\"your-email\" \/><\/span><\/p>\n            <\/div>\n            <div class=\"phone-number w-100\">\n                <p><span class=\"wpcf7-form-control-wrap\" data-name=\"phone-number\"><input size=\"40\" maxlength=\"400\" class=\"wpcf7-form-control wpcf7-tel wpcf7-text wpcf7-validates-as-tel\" aria-invalid=\"false\" placeholder=\"Telefonnummer*\" value=\"\" type=\"tel\" name=\"phone-number\" \/><\/span><\/p>\n            <\/div>\n        <\/div>\n\n        <p><span class=\"wpcf7-form-control-wrap\" data-name=\"your-recipient\"><select class=\"wpcf7-form-control wpcf7-select wpcf7-validates-as-required\" aria-required=\"true\" aria-invalid=\"false\" name=\"your-recipient\"><option value=\"Weitere Informationen zu Teoresi Services\">Weitere Informationen zu Teoresi Services<\/option><option value=\"Weitere Informationen zu Teoresi-Produkten\">Weitere Informationen zu Teoresi-Produkten<\/option><option value=\"Technischer Support\">Technischer Support<\/option><option value=\"Other\">Other<\/option><\/select><\/span><\/p>\n\n        <div class=\"message\">\n            <p><span class=\"wpcf7-form-control-wrap\" data-name=\"message\"><textarea cols=\"40\" rows=\"10\" maxlength=\"2000\" class=\"wpcf7-form-control wpcf7-textarea wpcf7-validates-as-required\" aria-required=\"true\" aria-invalid=\"false\" placeholder=\"Wie k\u00f6nnen wir Ihnen helfen?*\" name=\"message\"><\/textarea><\/span><\/p>\n            <p class=\"\"><span class=\"wpcf7-form-control-wrap\" data-name=\"acceptance-privacy-policy\"><span class=\"wpcf7-form-control wpcf7-acceptance\"><span class=\"wpcf7-list-item\"><input type=\"checkbox\" name=\"acceptance-privacy-policy\" value=\"1\" aria-invalid=\"false\" \/><\/span><\/span><\/span> Ich habe <a href=\"https:\/\/teoresigroup.com\/test\/privacy\/\" target=\"_blank\">die Datenschutzerkl\u00e4rung<\/a> gelesen und verstanden<\/p>\n        <\/div>\n\n        <div class=\"submit\">\n            <p><input class=\"wpcf7-form-control wpcf7-submit has-spinner button w-100\" type=\"submit\" value=\"Schicken Sie es\" \/><\/p>\n        <\/div>\n\n    <\/div>\n<\/div><p style=\"display: none !important;\" class=\"akismet-fields-container\" data-prefix=\"_wpcf7_ak_\"><label>&#916;<textarea name=\"_wpcf7_ak_hp_textarea\" cols=\"45\" rows=\"8\" maxlength=\"100\"><\/textarea><\/label><input type=\"hidden\" id=\"ak_js_1\" name=\"_wpcf7_ak_js\" value=\"24\"\/><script>document.getElementById( \"ak_js_1\" ).setAttribute( \"value\", ( new Date() ).getTime() );<\/script><\/p><div class=\"wpcf7-response-output\" aria-hidden=\"true\"><\/div>\n<\/form>\n<\/div>\n        <\/div>\n\n\n\n\n    <span class=\"block p-8\">&nbsp;<\/span>\n\n","protected":false},"excerpt":{"rendered":"","protected":false},"author":4,"featured_media":0,"parent":0,"menu_order":4,"comment_status":"closed","ping_status":"closed","template":"","meta":{"_acf_changed":false,"footnotes":""},"class_list":["post-7778","page","type-page","status-publish","hentry"],"acf":[],"_links":{"self":[{"href":"https:\/\/www.teoresigroup.com\/test\/de\/wp-json\/wp\/v2\/pages\/7778","targetHints":{"allow":["GET"]}}],"collection":[{"href":"https:\/\/www.teoresigroup.com\/test\/de\/wp-json\/wp\/v2\/pages"}],"about":[{"href":"https:\/\/www.teoresigroup.com\/test\/de\/wp-json\/wp\/v2\/types\/page"}],"author":[{"embeddable":true,"href":"https:\/\/www.teoresigroup.com\/test\/de\/wp-json\/wp\/v2\/users\/4"}],"replies":[{"embeddable":true,"href":"https:\/\/www.teoresigroup.com\/test\/de\/wp-json\/wp\/v2\/comments?post=7778"}],"version-history":[{"count":0,"href":"https:\/\/www.teoresigroup.com\/test\/de\/wp-json\/wp\/v2\/pages\/7778\/revisions"}],"wp:attachment":[{"href":"https:\/\/www.teoresigroup.com\/test\/de\/wp-json\/wp\/v2\/media?parent=7778"}],"curies":[{"name":"wp","href":"https:\/\/api.w.org\/{rel}","templated":true}]}}